{"id":9,"date":"2024-01-15T16:02:10","date_gmt":"2024-01-15T15:02:10","guid":{"rendered":"https:\/\/tinyandco.fr\/?page_id=9"},"modified":"2024-01-15T16:02:10","modified_gmt":"2024-01-15T15:02:10","slug":"qui-sommes-nous","status":"publish","type":"page","link":"https:\/\/tinyandco.fr\/index.php\/qui-sommes-nous\/","title":{"rendered":"Qui sommes nous"},"content":{"rendered":"\n<p><\/p>\n\n\n\n<p><\/p>\n\n\n\n<div class=\"wp-block-columns is-layout-flex wp-container-core-columns-is-layout-28f84493 wp-block-columns-is-layout-flex\">\n<div class=\"wp-block-column is-vertically-aligned-top is-layout-flow wp-block-column-is-layout-flow\">\n<div class=\"wp-block-group alignfull has-global-padding is-layout-constrained wp-block-group-is-layout-constrained\">\n<div class=\"wp-block-group has-global-padding is-layout-constrained wp-block-group-is-layout-constrained\">\n<figure data-wp-context=\"{&quot;imageId&quot;:&quot;6a00524007e0a&quot;}\" data-wp-interactive=\"core\/image\" data-wp-key=\"6a00524007e0a\" class=\"wp-block-image size-full is-resized wp-duotone-000-ffffff-1 wp-lightbox-container\"><img decoding=\"async\" data-wp-class--hide=\"state.isContentHidden\" data-wp-class--show=\"state.isContentVisible\" data-wp-init=\"callbacks.setButtonStyles\" data-wp-on--click=\"actions.showLightbox\" data-wp-on--load=\"callbacks.setButtonStyles\" data-wp-on-window--resize=\"callbacks.setButtonStyles\" src=\"https:\/\/tinyandco.fr\/wp-content\/uploads\/2024\/04\/20240314-ggayraud-Makersandco_150-scaled.jpg\" alt=\"\" class=\"wp-image-452\" style=\"width:560px;height:auto\"\/><button\n\t\t\tclass=\"lightbox-trigger\"\n\t\t\ttype=\"button\"\n\t\t\taria-haspopup=\"dialog\"\n\t\t\taria-label=\"Agrandir\"\n\t\t\tdata-wp-init=\"callbacks.initTriggerButton\"\n\t\t\tdata-wp-on--click=\"actions.showLightbox\"\n\t\t\tdata-wp-style--right=\"state.imageButtonRight\"\n\t\t\tdata-wp-style--top=\"state.imageButtonTop\"\n\t\t>\n\t\t\t<svg xmlns=\"http:\/\/www.w3.org\/2000\/svg\" width=\"12\" height=\"12\" fill=\"none\" viewBox=\"0 0 12 12\">\n\t\t\t\t<path fill=\"#fff\" d=\"M2 0a2 2 0 0 0-2 2v2h1.5V2a.5.5 0 0 1 .5-.5h2V0H2Zm2 10.5H2a.5.5 0 0 1-.5-.5V8H0v2a2 2 0 0 0 2 2h2v-1.5ZM8 12v-1.5h2a.5.5 0 0 0 .5-.5V8H12v2a2 2 0 0 1-2 2H8Zm2-12a2 2 0 0 1 2 2v2h-1.5V2a.5.5 0 0 0-.5-.5H8V0h2Z\" \/>\n\t\t\t<\/svg>\n\t\t<\/button><\/figure>\n\n\n\n<div class=\"wp-block-group has-global-padding is-layout-constrained wp-block-group-is-layout-constrained\">\n<div class=\"wp-block-columns is-layout-flex wp-container-core-columns-is-layout-28f84493 wp-block-columns-is-layout-flex\">\n<div class=\"wp-block-column is-layout-flow wp-block-column-is-layout-flow\">\n<div class=\"wp-block-group has-global-padding is-layout-constrained wp-block-group-is-layout-constrained\"><\/div>\n<\/div>\n<\/div>\n<\/div>\n\n\n\n<p><\/p>\n\n\n\n<p><\/p>\n\n\n\n<p><\/p>\n<\/div>\n\n\n\n<p><\/p>\n<\/div>\n<\/div>\n\n\n\n<div class=\"wp-block-column is-layout-flow wp-block-column-is-layout-flow\">\n<div class=\"wp-block-columns is-layout-flex wp-container-core-columns-is-layout-28f84493 wp-block-columns-is-layout-flex\">\n<div class=\"wp-block-column is-layout-flow wp-block-column-is-layout-flow\">\n<h2 class=\"wp-block-heading\">Qui sommes nous ?<\/h2>\n\n\n\n<p>Tiny &amp; Co est compos\u00e9e de designers, d&rsquo;ing\u00e9nieur.es et d&rsquo;artisan.es qui con\u00e7oivent et fabriquent des Tiny-Houses dans le petit village de Lustar dans les Hautes Pyr\u00e9n\u00e9es. <\/p>\n\n\n\n<p>Issues de la culture Maker, nos valeurs s&rsquo;incarnent dans le partage des savoir-faire, faire par soi-m\u00eame et avec les autres, afin de cr\u00e9er du lien social et questionner nos pratiques, nos modes de production et de consommation.<\/p>\n\n\n\n<p><\/p>\n\n\n\n<h2 class=\"wp-block-heading\">Nos partenaires<\/h2>\n\n\n\n<p>Convaincus par la force du collectif, nous ne pourrions nous passer de nos partenaires. En premier lieu la Manufacture Distribu\u00e9e qui valorise, forme et outille la fabrication Fran\u00e7aise et Occitane. Vous pouvez nous croiser dans un des lieux qui la composent #RoseLab #LaboratoireOrganiqueLustar #LaBelleFabrique&#8230;<\/p>\n<\/div>\n<\/div>\n\n\n\n<hr class=\"wp-block-separator has-alpha-channel-opacity\"\/>\n\n\n\n<p><\/p>\n\n\n\n<p><\/p>\n\n\n\n<p><\/p>\n\n\n\n<div class=\"wp-block-columns is-layout-flex wp-container-core-columns-is-layout-28f84493 wp-block-columns-is-layout-flex\">\n<div class=\"wp-block-column is-layout-flow wp-block-column-is-layout-flow\">\n<figure class=\"wp-block-image size-large is-resized\"><img decoding=\"async\" src=\"https:\/\/tinyandco.fr\/wp-content\/uploads\/2024\/05\/Logo-MD-fond-transparent_Plan-de-travail-1_b-edited-1024x1024.png\" alt=\"\" class=\"wp-image-713\" style=\"width:85px;height:auto\"\/><\/figure>\n<\/div>\n\n\n\n<div class=\"wp-block-column is-layout-flow wp-block-column-is-layout-flow\">\n<figure class=\"wp-block-image size-large is-resized\"><img decoding=\"async\" src=\"https:\/\/tinyandco.fr\/wp-content\/uploads\/2024\/05\/logo-LOL-classique-edited-1003x1024.png\" alt=\"\" class=\"wp-image-714\" style=\"width:95px;height:auto\"\/><\/figure>\n<\/div>\n\n\n\n<div class=\"wp-block-column is-layout-flow wp-block-column-is-layout-flow\">\n<figure class=\"wp-block-image size-large is-resized\"><img decoding=\"async\" src=\"https:\/\/tinyandco.fr\/wp-content\/uploads\/2024\/05\/Logo_RoseLab_gf-992x1024.png\" alt=\"\" class=\"wp-image-710\" style=\"width:89px;height:auto\"\/><\/figure>\n<\/div>\n<\/div>\n\n\n\n<figure class=\"wp-block-image alignleft size-full is-resized\"><a href=\"https:\/\/tinyhousefrance.org \"><img decoding=\"async\" src=\"https:\/\/tinyandco.fr\/wp-content\/uploads\/2024\/09\/tinyhouse-france.png\" alt=\"\" class=\"wp-image-845\" style=\"width:88px;height:auto\"\/><\/a><\/figure>\n<\/div>\n<\/div>\n\n\n\n<p><\/p>\n\n\n\n<p><\/p>\n\n\n\n<div style=\"height:100px\" aria-hidden=\"true\" class=\"wp-block-spacer\"><\/div>\n","protected":false},"excerpt":{"rendered":"<p>Qui sommes nous ? Tiny &amp; Co est compos\u00e9e de designers, d&rsquo;ing\u00e9nieur.es et d&rsquo;artisan.es qui con\u00e7oivent et fabriquent des Tiny-Houses dans le petit village de Lustar dans les Hautes Pyr\u00e9n\u00e9es. Issues de la culture Maker, nos valeurs s&rsquo;incarnent dans le partage des savoir-faire, faire par soi-m\u00eame et avec les autres, afin de cr\u00e9er du lien &hellip; <\/p>\n<p class=\"link-more\"><a href=\"https:\/\/tinyandco.fr\/index.php\/qui-sommes-nous\/\" class=\"more-link\">Lire la suite de<span class=\"screen-reader-text\">\u00ab\u00a0Qui sommes nous\u00a0\u00bb<\/span><\/a><\/p>\n","protected":false},"author":2,"featured_media":0,"parent":0,"menu_order":0,"comment_status":"closed","ping_status":"open","template":"","meta":{"_inspiro_hide_title":false,"footnotes":""},"class_list":["post-9","page","type-page","status-publish","hentry"],"aioseo_notices":[],"yoast_head":"<!-- This site is optimized with the Yoast SEO plugin v27.3 - https:\/\/yoast.com\/product\/yoast-seo-wordpress\/ -->\n<title>Qui sommes nous - tinyandco-local<\/title>\n<meta name=\"robots\" content=\"index, follow, max-snippet:-1, max-image-preview:large, max-video-preview:-1\" \/>\n<link rel=\"canonical\" href=\"https:\/\/tinyandco.fr\/index.php\/qui-sommes-nous\/\" \/>\n<meta property=\"og:locale\" content=\"fr_FR\" \/>\n<meta property=\"og:type\" content=\"article\" \/>\n<meta property=\"og:title\" content=\"Qui sommes nous - tinyandco-local\" \/>\n<meta property=\"og:description\" content=\"Qui sommes nous ? Tiny &amp; Co est compos\u00e9e de designers, d&rsquo;ing\u00e9nieur.es et d&rsquo;artisan.es qui con\u00e7oivent et fabriquent des Tiny-Houses dans le petit village de Lustar dans les Hautes Pyr\u00e9n\u00e9es. Issues de la culture Maker, nos valeurs s&rsquo;incarnent dans le partage des savoir-faire, faire par soi-m\u00eame et avec les autres, afin de cr\u00e9er du lien &hellip; Lire la suite de\u00ab\u00a0Qui sommes nous\u00a0\u00bb\" \/>\n<meta property=\"og:url\" content=\"https:\/\/tinyandco.fr\/index.php\/qui-sommes-nous\/\" \/>\n<meta property=\"og:site_name\" content=\"tinyandco-local\" \/>\n<meta property=\"og:image\" content=\"https:\/\/tinyandco.fr\/wp-content\/uploads\/2024\/04\/20240314-ggayraud-Makersandco_150-scaled.jpg\" \/>\n<meta name=\"twitter:card\" content=\"summary_large_image\" \/>\n<meta name=\"twitter:label1\" content=\"Dur\u00e9e de lecture estim\u00e9e\" \/>\n\t<meta name=\"twitter:data1\" content=\"2 minutes\" \/>\n<script type=\"application\/ld+json\" class=\"yoast-schema-graph\">{\"@context\":\"https:\\\/\\\/schema.org\",\"@graph\":[{\"@type\":\"WebPage\",\"@id\":\"https:\\\/\\\/tinyandco.fr\\\/index.php\\\/qui-sommes-nous\\\/\",\"url\":\"https:\\\/\\\/tinyandco.fr\\\/index.php\\\/qui-sommes-nous\\\/\",\"name\":\"Qui sommes nous - tinyandco-local\",\"isPartOf\":{\"@id\":\"https:\\\/\\\/tinyandco.fr\\\/#website\"},\"primaryImageOfPage\":{\"@id\":\"https:\\\/\\\/tinyandco.fr\\\/index.php\\\/qui-sommes-nous\\\/#primaryimage\"},\"image\":{\"@id\":\"https:\\\/\\\/tinyandco.fr\\\/index.php\\\/qui-sommes-nous\\\/#primaryimage\"},\"thumbnailUrl\":\"https:\\\/\\\/tinyandco.fr\\\/wp-content\\\/uploads\\\/2024\\\/04\\\/20240314-ggayraud-Makersandco_150-scaled.jpg\",\"datePublished\":\"2024-01-15T15:02:10+00:00\",\"breadcrumb\":{\"@id\":\"https:\\\/\\\/tinyandco.fr\\\/index.php\\\/qui-sommes-nous\\\/#breadcrumb\"},\"inLanguage\":\"fr-FR\",\"potentialAction\":[{\"@type\":\"ReadAction\",\"target\":[\"https:\\\/\\\/tinyandco.fr\\\/index.php\\\/qui-sommes-nous\\\/\"]}]},{\"@type\":\"ImageObject\",\"inLanguage\":\"fr-FR\",\"@id\":\"https:\\\/\\\/tinyandco.fr\\\/index.php\\\/qui-sommes-nous\\\/#primaryimage\",\"url\":\"https:\\\/\\\/tinyandco.fr\\\/wp-content\\\/uploads\\\/2024\\\/04\\\/20240314-ggayraud-Makersandco_150-scaled.jpg\",\"contentUrl\":\"https:\\\/\\\/tinyandco.fr\\\/wp-content\\\/uploads\\\/2024\\\/04\\\/20240314-ggayraud-Makersandco_150-scaled.jpg\"},{\"@type\":\"BreadcrumbList\",\"@id\":\"https:\\\/\\\/tinyandco.fr\\\/index.php\\\/qui-sommes-nous\\\/#breadcrumb\",\"itemListElement\":[{\"@type\":\"ListItem\",\"position\":1,\"name\":\"Accueil\",\"item\":\"https:\\\/\\\/tinyandco.fr\\\/\"},{\"@type\":\"ListItem\",\"position\":2,\"name\":\"Qui sommes nous\"}]},{\"@type\":\"WebSite\",\"@id\":\"https:\\\/\\\/tinyandco.fr\\\/#website\",\"url\":\"https:\\\/\\\/tinyandco.fr\\\/\",\"name\":\"tinyandco-local\",\"description\":\"Tiny-House modulaire \",\"publisher\":{\"@id\":\"https:\\\/\\\/tinyandco.fr\\\/#organization\"},\"potentialAction\":[{\"@type\":\"SearchAction\",\"target\":{\"@type\":\"EntryPoint\",\"urlTemplate\":\"https:\\\/\\\/tinyandco.fr\\\/?s={search_term_string}\"},\"query-input\":{\"@type\":\"PropertyValueSpecification\",\"valueRequired\":true,\"valueName\":\"search_term_string\"}}],\"inLanguage\":\"fr-FR\"},{\"@type\":\"Organization\",\"@id\":\"https:\\\/\\\/tinyandco.fr\\\/#organization\",\"name\":\"tinyandco-local\",\"url\":\"https:\\\/\\\/tinyandco.fr\\\/\",\"logo\":{\"@type\":\"ImageObject\",\"inLanguage\":\"fr-FR\",\"@id\":\"https:\\\/\\\/tinyandco.fr\\\/#\\\/schema\\\/logo\\\/image\\\/\",\"url\":\"https:\\\/\\\/tinyandco.fr\\\/wp-content\\\/uploads\\\/2025\\\/11\\\/cropped-typo_blanc_1.png\",\"contentUrl\":\"https:\\\/\\\/tinyandco.fr\\\/wp-content\\\/uploads\\\/2025\\\/11\\\/cropped-typo_blanc_1.png\",\"width\":317,\"height\":308,\"caption\":\"tinyandco-local\"},\"image\":{\"@id\":\"https:\\\/\\\/tinyandco.fr\\\/#\\\/schema\\\/logo\\\/image\\\/\"}}]}<\/script>\n<!-- \/ Yoast SEO plugin. -->","yoast_head_json":{"title":"Qui sommes nous - tinyandco-local","robots":{"index":"index","follow":"follow","max-snippet":"max-snippet:-1","max-image-preview":"max-image-preview:large","max-video-preview":"max-video-preview:-1"},"canonical":"https:\/\/tinyandco.fr\/index.php\/qui-sommes-nous\/","og_locale":"fr_FR","og_type":"article","og_title":"Qui sommes nous - tinyandco-local","og_description":"Qui sommes nous ? Tiny &amp; Co est compos\u00e9e de designers, d&rsquo;ing\u00e9nieur.es et d&rsquo;artisan.es qui con\u00e7oivent et fabriquent des Tiny-Houses dans le petit village de Lustar dans les Hautes Pyr\u00e9n\u00e9es. Issues de la culture Maker, nos valeurs s&rsquo;incarnent dans le partage des savoir-faire, faire par soi-m\u00eame et avec les autres, afin de cr\u00e9er du lien &hellip; Lire la suite de\u00ab\u00a0Qui sommes nous\u00a0\u00bb","og_url":"https:\/\/tinyandco.fr\/index.php\/qui-sommes-nous\/","og_site_name":"tinyandco-local","og_image":[{"url":"https:\/\/tinyandco.fr\/wp-content\/uploads\/2024\/04\/20240314-ggayraud-Makersandco_150-scaled.jpg","type":"","width":"","height":""}],"twitter_card":"summary_large_image","twitter_misc":{"Dur\u00e9e de lecture estim\u00e9e":"2 minutes"},"schema":{"@context":"https:\/\/schema.org","@graph":[{"@type":"WebPage","@id":"https:\/\/tinyandco.fr\/index.php\/qui-sommes-nous\/","url":"https:\/\/tinyandco.fr\/index.php\/qui-sommes-nous\/","name":"Qui sommes nous - tinyandco-local","isPartOf":{"@id":"https:\/\/tinyandco.fr\/#website"},"primaryImageOfPage":{"@id":"https:\/\/tinyandco.fr\/index.php\/qui-sommes-nous\/#primaryimage"},"image":{"@id":"https:\/\/tinyandco.fr\/index.php\/qui-sommes-nous\/#primaryimage"},"thumbnailUrl":"https:\/\/tinyandco.fr\/wp-content\/uploads\/2024\/04\/20240314-ggayraud-Makersandco_150-scaled.jpg","datePublished":"2024-01-15T15:02:10+00:00","breadcrumb":{"@id":"https:\/\/tinyandco.fr\/index.php\/qui-sommes-nous\/#breadcrumb"},"inLanguage":"fr-FR","potentialAction":[{"@type":"ReadAction","target":["https:\/\/tinyandco.fr\/index.php\/qui-sommes-nous\/"]}]},{"@type":"ImageObject","inLanguage":"fr-FR","@id":"https:\/\/tinyandco.fr\/index.php\/qui-sommes-nous\/#primaryimage","url":"https:\/\/tinyandco.fr\/wp-content\/uploads\/2024\/04\/20240314-ggayraud-Makersandco_150-scaled.jpg","contentUrl":"https:\/\/tinyandco.fr\/wp-content\/uploads\/2024\/04\/20240314-ggayraud-Makersandco_150-scaled.jpg"},{"@type":"BreadcrumbList","@id":"https:\/\/tinyandco.fr\/index.php\/qui-sommes-nous\/#breadcrumb","itemListElement":[{"@type":"ListItem","position":1,"name":"Accueil","item":"https:\/\/tinyandco.fr\/"},{"@type":"ListItem","position":2,"name":"Qui sommes nous"}]},{"@type":"WebSite","@id":"https:\/\/tinyandco.fr\/#website","url":"https:\/\/tinyandco.fr\/","name":"tinyandco-local","description":"Tiny-House modulaire ","publisher":{"@id":"https:\/\/tinyandco.fr\/#organization"},"potentialAction":[{"@type":"SearchAction","target":{"@type":"EntryPoint","urlTemplate":"https:\/\/tinyandco.fr\/?s={search_term_string}"},"query-input":{"@type":"PropertyValueSpecification","valueRequired":true,"valueName":"search_term_string"}}],"inLanguage":"fr-FR"},{"@type":"Organization","@id":"https:\/\/tinyandco.fr\/#organization","name":"tinyandco-local","url":"https:\/\/tinyandco.fr\/","logo":{"@type":"ImageObject","inLanguage":"fr-FR","@id":"https:\/\/tinyandco.fr\/#\/schema\/logo\/image\/","url":"https:\/\/tinyandco.fr\/wp-content\/uploads\/2025\/11\/cropped-typo_blanc_1.png","contentUrl":"https:\/\/tinyandco.fr\/wp-content\/uploads\/2025\/11\/cropped-typo_blanc_1.png","width":317,"height":308,"caption":"tinyandco-local"},"image":{"@id":"https:\/\/tinyandco.fr\/#\/schema\/logo\/image\/"}}]}},"featured_media_urls":[],"_links":{"self":[{"href":"https:\/\/tinyandco.fr\/index.php\/wp-json\/wp\/v2\/pages\/9","targetHints":{"allow":["GET"]}}],"collection":[{"href":"https:\/\/tinyandco.fr\/index.php\/wp-json\/wp\/v2\/pages"}],"about":[{"href":"https:\/\/tinyandco.fr\/index.php\/wp-json\/wp\/v2\/types\/page"}],"author":[{"embeddable":true,"href":"https:\/\/tinyandco.fr\/index.php\/wp-json\/wp\/v2\/users\/2"}],"replies":[{"embeddable":true,"href":"https:\/\/tinyandco.fr\/index.php\/wp-json\/wp\/v2\/comments?post=9"}],"version-history":[{"count":0,"href":"https:\/\/tinyandco.fr\/index.php\/wp-json\/wp\/v2\/pages\/9\/revisions"}],"wp:attachment":[{"href":"https:\/\/tinyandco.fr\/index.php\/wp-json\/wp\/v2\/media?parent=9"}],"curies":[{"name":"wp","href":"https:\/\/api.w.org\/{rel}","templated":true}]}}