{"id":850,"date":"2024-09-10T11:24:51","date_gmt":"2024-09-10T09:24:51","guid":{"rendered":"https:\/\/www.tinyandco.fr\/?page_id=850"},"modified":"2024-09-10T11:24:51","modified_gmt":"2024-09-10T09:24:51","slug":"tarifs","status":"publish","type":"page","link":"https:\/\/tinyandco.fr\/index.php\/tarifs\/","title":{"rendered":"Tarifs"},"content":{"rendered":"\n<div class=\"wp-block-cover alignfull wp-duotone-101010-ffffff-1\"><span aria-hidden=\"true\" class=\"wp-block-cover__background has-background-dim\"><\/span><img decoding=\"async\" class=\"wp-block-cover__image-background wp-image-603\" alt=\"\" src=\"https:\/\/tinyandco.fr\/wp-content\/uploads\/2024\/04\/P1330298-copie-1-edited-scaled.jpg\" data-object-fit=\"cover\"\/><div class=\"wp-block-cover__inner-container is-layout-flow wp-block-cover-is-layout-flow\">\n<h1 class=\"wp-block-heading has-text-align-center has-large-font-size\">Tarifs<\/h1>\n<\/div><\/div>\n\n\n\n<div style=\"height:72px\" aria-hidden=\"true\" class=\"wp-block-spacer\"><\/div>\n\n\n\n<div style=\"height:72px\" aria-hidden=\"true\" class=\"wp-block-spacer\"><\/div>\n\n\n\n<div class=\"wp-block-columns is-layout-flex wp-container-core-columns-is-layout-28f84493 wp-block-columns-is-layout-flex\">\n<div class=\"wp-block-column is-vertically-aligned-top is-layout-flow wp-block-column-is-layout-flow\">\n<figure class=\"wp-block-image aligncenter size-large is-resized\"><img decoding=\"async\" src=\"https:\/\/tinyandco.fr\/wp-content\/uploads\/2024\/09\/WhatsApp-Image-2024-05-03-at-16.23.23-e1714746420268-edited-1.jpeg\" alt=\"\" class=\"wp-image-853\" style=\"width:469px;height:auto\"\/><\/figure>\n<\/div>\n\n\n\n<div class=\"wp-block-column is-vertically-aligned-center is-layout-flow wp-block-column-is-layout-flow\">\n<div class=\"wp-block-columns is-layout-flex wp-container-core-columns-is-layout-28f84493 wp-block-columns-is-layout-flex\">\n<div class=\"wp-block-column is-layout-flow wp-block-column-is-layout-flow\">\n<div class=\"wp-block-group is-nowrap is-layout-flex wp-container-core-group-is-layout-6c531013 wp-block-group-is-layout-flex\">\n<h1 class=\"wp-block-heading\">1<\/h1>\n\n\n\n<h2 class=\"wp-block-heading\">Plans de fabrication<\/h2>\n<\/div>\n\n\n\n<p>Nous d\u00e9veloppons un mod\u00e8le de Tiny-House <mark style=\"background-color:#fffebf\" class=\"has-inline-color\">Libre de<strong> <\/strong>droit<\/mark> et accessible \u00e0 tous gratuitement.  <\/p>\n\n\n\n<p>Nous commercialisons \u00e9galement des <mark style=\"background-color:#fffebf\" class=\"has-inline-color\">fichiers de fabrication <\/mark><mark style=\"background-color:#fffebf\" class=\"has-inline-color has-foreground-color\">personnalis\u00e9s<\/mark> en format DXF pour les plus bricoleurs d&rsquo;entre nous ! <\/p>\n\n\n\n<p><\/p>\n<\/div>\n<\/div>\n<\/div>\n<\/div>\n\n\n\n<div style=\"height:72px\" aria-hidden=\"true\" class=\"wp-block-spacer\"><\/div>\n\n\n\n<div class=\"wp-block-columns is-layout-flex wp-container-core-columns-is-layout-28f84493 wp-block-columns-is-layout-flex\">\n<div class=\"wp-block-column is-vertically-aligned-top is-layout-flow wp-block-column-is-layout-flow\">\n<div class=\"wp-block-group alignfull has-global-padding is-layout-constrained wp-block-group-is-layout-constrained\">\n<div class=\"wp-block-group has-global-padding is-layout-constrained wp-block-group-is-layout-constrained\">\n<div class=\"wp-block-group is-nowrap is-layout-flex wp-container-core-group-is-layout-6c531013 wp-block-group-is-layout-flex\">\n<div class=\"wp-block-columns is-layout-flex wp-container-core-columns-is-layout-28f84493 wp-block-columns-is-layout-flex\">\n<div class=\"wp-block-column is-layout-flow wp-block-column-is-layout-flow\">\n<div class=\"wp-block-group is-nowrap is-layout-flex wp-container-core-group-is-layout-6c531013 wp-block-group-is-layout-flex\">\n<h1 class=\"wp-block-heading\">2<\/h1>\n\n\n\n<h2 class=\"wp-block-heading\">Kit de Tiny House<\/h2>\n<\/div>\n\n\n\n<p>Nous proposons des kits \u00e0 assembler soi-m\u00eame avec diff\u00e9rents niveau de finition : <\/p>\n\n\n\n<p><mark style=\"background-color:#fffebf\" class=\"has-inline-color\">Satge 1<\/mark> : Ossature de la Tiny + placage int\u00e9rieur et visserie. <\/p>\n\n\n\n<p><mark style=\"background-color:#fffebf\" class=\"has-inline-color\">Stage 2<\/mark> : stage 1 + plomberie, \u00e9lectricit\u00e9, isolation, bardage ext\u00e9rieur, couverture, huisserie. <\/p>\n\n\n\n<p><mark style=\"background-color:#fffebf\" class=\"has-inline-color\">Stage 3<\/mark> : stage 2 + am\u00e9nagement int\u00e9rieur. <\/p>\n\n\n\n<p><strong>A partir de 10 000\u20ac TTC <\/strong><\/p>\n<\/div>\n<\/div>\n<\/div>\n<\/div>\n<\/div>\n<\/div>\n\n\n\n<div class=\"wp-block-column is-vertically-aligned-center is-layout-flow wp-block-column-is-layout-flow\">\n<figure class=\"wp-block-image aligncenter size-full is-resized\"><img decoding=\"async\" src=\"https:\/\/tinyandco.fr\/wp-content\/uploads\/2024\/09\/IMG_4371-edited-1.jpeg\" alt=\"\" class=\"wp-image-854\" style=\"width:427px;height:auto\"\/><\/figure>\n<\/div>\n<\/div>\n\n\n\n<div style=\"height:72px\" aria-hidden=\"true\" class=\"wp-block-spacer\"><\/div>\n\n\n\n<div class=\"wp-block-columns is-layout-flex wp-container-core-columns-is-layout-28f84493 wp-block-columns-is-layout-flex\">\n<div class=\"wp-block-column is-vertically-aligned-top is-layout-flow wp-block-column-is-layout-flow\">\n<figure class=\"wp-block-image aligncenter size-full is-resized\"><img decoding=\"async\" src=\"https:\/\/tinyandco.fr\/wp-content\/uploads\/2024\/09\/20240314-ggayraud-Makersandco_138-edited-scaled.jpg\" alt=\"\" class=\"wp-image-855\" style=\"width:387px;height:auto\"\/><\/figure>\n<\/div>\n\n\n\n<div class=\"wp-block-column is-vertically-aligned-center is-layout-flow wp-block-column-is-layout-flow\">\n<div class=\"wp-block-group is-nowrap is-layout-flex wp-container-core-group-is-layout-6c531013 wp-block-group-is-layout-flex\">\n<div class=\"wp-block-group alignfull has-global-padding is-layout-constrained wp-block-group-is-layout-constrained\">\n<div class=\"wp-block-group has-global-padding is-layout-constrained wp-block-group-is-layout-constrained\">\n<div class=\"wp-block-group is-nowrap is-layout-flex wp-container-core-group-is-layout-6c531013 wp-block-group-is-layout-flex\">\n<div class=\"wp-block-columns is-layout-flex wp-container-core-columns-is-layout-28f84493 wp-block-columns-is-layout-flex\">\n<div class=\"wp-block-column is-layout-flow wp-block-column-is-layout-flow\">\n<div class=\"wp-block-group is-nowrap is-layout-flex wp-container-core-group-is-layout-6c531013 wp-block-group-is-layout-flex\">\n<h1 class=\"wp-block-heading\">3<\/h1>\n\n\n\n<h2 class=\"wp-block-heading\">Tiny House cl\u00e9 en main<\/h2>\n<\/div>\n\n\n\n<p>Nous r\u00e9alisons avec le plus grand soin des Tiny Houses sur mesure ou selon un de nos mod\u00e8les standards. <\/p>\n\n\n\n<p>Nous proposons deux finitions : <mark style=\"background-color:#fffebf\" class=\"has-inline-color\">pr\u00eate \u00e0 am\u00e9nager<\/mark>, il vous reste \u00e0 r\u00e9aliser l&rsquo;ameublement, ou <mark style=\"background-color:#fffebf\" class=\"has-inline-color\">toute \u00e9quip\u00e9e<\/mark>, il ne vous reste qu&rsquo;\u00e0 profiter \ud83d\ude42 <\/p>\n\n\n\n<p><strong>A partir de 40 000\u20ac TTC<\/strong><\/p>\n\n\n\n<p><\/p>\n<\/div>\n<\/div>\n<\/div>\n<\/div>\n<\/div>\n<\/div>\n<\/div>\n<\/div>\n","protected":false},"excerpt":{"rendered":"<p>1 Plans de fabrication Nous d\u00e9veloppons un mod\u00e8le de Tiny-House Libre de droit et accessible \u00e0 tous gratuitement. Nous commercialisons \u00e9galement des fichiers de fabrication personnalis\u00e9s en format DXF pour les plus bricoleurs d&rsquo;entre nous ! 2 Kit de Tiny House Nous proposons des kits \u00e0 assembler soi-m\u00eame avec diff\u00e9rents niveau de finition : Satge &hellip; <\/p>\n<p class=\"link-more\"><a href=\"https:\/\/tinyandco.fr\/index.php\/tarifs\/\" class=\"more-link\">Lire la suite de<span class=\"screen-reader-text\">\u00ab\u00a0Tarifs\u00a0\u00bb<\/span><\/a><\/p>\n","protected":false},"author":2,"featured_media":0,"parent":0,"menu_order":0,"comment_status":"closed","ping_status":"closed","template":"","meta":{"_inspiro_hide_title":false,"footnotes":""},"class_list":["post-850","page","type-page","status-publish","hentry"],"aioseo_notices":[],"yoast_head":"<!-- This site is optimized with the Yoast SEO plugin v27.3 - https:\/\/yoast.com\/product\/yoast-seo-wordpress\/ -->\n<title>Tarifs - tinyandco-local<\/title>\n<meta name=\"robots\" content=\"index, follow, max-snippet:-1, max-image-preview:large, max-video-preview:-1\" \/>\n<link rel=\"canonical\" href=\"https:\/\/tinyandco.fr\/index.php\/tarifs\/\" \/>\n<meta property=\"og:locale\" content=\"fr_FR\" \/>\n<meta property=\"og:type\" content=\"article\" \/>\n<meta property=\"og:title\" content=\"Tarifs - tinyandco-local\" \/>\n<meta property=\"og:description\" content=\"1 Plans de fabrication Nous d\u00e9veloppons un mod\u00e8le de Tiny-House Libre de droit et accessible \u00e0 tous gratuitement. Nous commercialisons \u00e9galement des fichiers de fabrication personnalis\u00e9s en format DXF pour les plus bricoleurs d&rsquo;entre nous ! 2 Kit de Tiny House Nous proposons des kits \u00e0 assembler soi-m\u00eame avec diff\u00e9rents niveau de finition : Satge &hellip; Lire la suite de\u00ab\u00a0Tarifs\u00a0\u00bb\" \/>\n<meta property=\"og:url\" content=\"https:\/\/tinyandco.fr\/index.php\/tarifs\/\" \/>\n<meta property=\"og:site_name\" content=\"tinyandco-local\" \/>\n<meta property=\"og:image\" content=\"https:\/\/tinyandco.fr\/wp-content\/uploads\/2024\/04\/P1330298-copie-1-edited-scaled.jpg\" \/>\n<meta name=\"twitter:card\" content=\"summary_large_image\" \/>\n<meta name=\"twitter:label1\" content=\"Dur\u00e9e de lecture estim\u00e9e\" \/>\n\t<meta name=\"twitter:data1\" content=\"2 minutes\" \/>\n<script type=\"application\/ld+json\" class=\"yoast-schema-graph\">{\"@context\":\"https:\\\/\\\/schema.org\",\"@graph\":[{\"@type\":\"WebPage\",\"@id\":\"https:\\\/\\\/tinyandco.fr\\\/index.php\\\/tarifs\\\/\",\"url\":\"https:\\\/\\\/tinyandco.fr\\\/index.php\\\/tarifs\\\/\",\"name\":\"Tarifs - tinyandco-local\",\"isPartOf\":{\"@id\":\"https:\\\/\\\/tinyandco.fr\\\/#website\"},\"primaryImageOfPage\":{\"@id\":\"https:\\\/\\\/tinyandco.fr\\\/index.php\\\/tarifs\\\/#primaryimage\"},\"image\":{\"@id\":\"https:\\\/\\\/tinyandco.fr\\\/index.php\\\/tarifs\\\/#primaryimage\"},\"thumbnailUrl\":\"https:\\\/\\\/tinyandco.fr\\\/wp-content\\\/uploads\\\/2024\\\/04\\\/P1330298-copie-1-edited-scaled.jpg\",\"datePublished\":\"2024-09-10T09:24:51+00:00\",\"breadcrumb\":{\"@id\":\"https:\\\/\\\/tinyandco.fr\\\/index.php\\\/tarifs\\\/#breadcrumb\"},\"inLanguage\":\"fr-FR\",\"potentialAction\":[{\"@type\":\"ReadAction\",\"target\":[\"https:\\\/\\\/tinyandco.fr\\\/index.php\\\/tarifs\\\/\"]}]},{\"@type\":\"ImageObject\",\"inLanguage\":\"fr-FR\",\"@id\":\"https:\\\/\\\/tinyandco.fr\\\/index.php\\\/tarifs\\\/#primaryimage\",\"url\":\"https:\\\/\\\/tinyandco.fr\\\/wp-content\\\/uploads\\\/2024\\\/04\\\/P1330298-copie-1-edited-scaled.jpg\",\"contentUrl\":\"https:\\\/\\\/tinyandco.fr\\\/wp-content\\\/uploads\\\/2024\\\/04\\\/P1330298-copie-1-edited-scaled.jpg\"},{\"@type\":\"BreadcrumbList\",\"@id\":\"https:\\\/\\\/tinyandco.fr\\\/index.php\\\/tarifs\\\/#breadcrumb\",\"itemListElement\":[{\"@type\":\"ListItem\",\"position\":1,\"name\":\"Accueil\",\"item\":\"https:\\\/\\\/tinyandco.fr\\\/\"},{\"@type\":\"ListItem\",\"position\":2,\"name\":\"Tarifs\"}]},{\"@type\":\"WebSite\",\"@id\":\"https:\\\/\\\/tinyandco.fr\\\/#website\",\"url\":\"https:\\\/\\\/tinyandco.fr\\\/\",\"name\":\"tinyandco-local\",\"description\":\"Tiny-House modulaire \",\"publisher\":{\"@id\":\"https:\\\/\\\/tinyandco.fr\\\/#organization\"},\"potentialAction\":[{\"@type\":\"SearchAction\",\"target\":{\"@type\":\"EntryPoint\",\"urlTemplate\":\"https:\\\/\\\/tinyandco.fr\\\/?s={search_term_string}\"},\"query-input\":{\"@type\":\"PropertyValueSpecification\",\"valueRequired\":true,\"valueName\":\"search_term_string\"}}],\"inLanguage\":\"fr-FR\"},{\"@type\":\"Organization\",\"@id\":\"https:\\\/\\\/tinyandco.fr\\\/#organization\",\"name\":\"tinyandco-local\",\"url\":\"https:\\\/\\\/tinyandco.fr\\\/\",\"logo\":{\"@type\":\"ImageObject\",\"inLanguage\":\"fr-FR\",\"@id\":\"https:\\\/\\\/tinyandco.fr\\\/#\\\/schema\\\/logo\\\/image\\\/\",\"url\":\"https:\\\/\\\/tinyandco.fr\\\/wp-content\\\/uploads\\\/2025\\\/11\\\/cropped-typo_blanc_1.png\",\"contentUrl\":\"https:\\\/\\\/tinyandco.fr\\\/wp-content\\\/uploads\\\/2025\\\/11\\\/cropped-typo_blanc_1.png\",\"width\":317,\"height\":308,\"caption\":\"tinyandco-local\"},\"image\":{\"@id\":\"https:\\\/\\\/tinyandco.fr\\\/#\\\/schema\\\/logo\\\/image\\\/\"}}]}<\/script>\n<!-- \/ Yoast SEO plugin. -->","yoast_head_json":{"title":"Tarifs - tinyandco-local","robots":{"index":"index","follow":"follow","max-snippet":"max-snippet:-1","max-image-preview":"max-image-preview:large","max-video-preview":"max-video-preview:-1"},"canonical":"https:\/\/tinyandco.fr\/index.php\/tarifs\/","og_locale":"fr_FR","og_type":"article","og_title":"Tarifs - tinyandco-local","og_description":"1 Plans de fabrication Nous d\u00e9veloppons un mod\u00e8le de Tiny-House Libre de droit et accessible \u00e0 tous gratuitement. Nous commercialisons \u00e9galement des fichiers de fabrication personnalis\u00e9s en format DXF pour les plus bricoleurs d&rsquo;entre nous ! 2 Kit de Tiny House Nous proposons des kits \u00e0 assembler soi-m\u00eame avec diff\u00e9rents niveau de finition : Satge &hellip; Lire la suite de\u00ab\u00a0Tarifs\u00a0\u00bb","og_url":"https:\/\/tinyandco.fr\/index.php\/tarifs\/","og_site_name":"tinyandco-local","og_image":[{"url":"https:\/\/tinyandco.fr\/wp-content\/uploads\/2024\/04\/P1330298-copie-1-edited-scaled.jpg","type":"","width":"","height":""}],"twitter_card":"summary_large_image","twitter_misc":{"Dur\u00e9e de lecture estim\u00e9e":"2 minutes"},"schema":{"@context":"https:\/\/schema.org","@graph":[{"@type":"WebPage","@id":"https:\/\/tinyandco.fr\/index.php\/tarifs\/","url":"https:\/\/tinyandco.fr\/index.php\/tarifs\/","name":"Tarifs - tinyandco-local","isPartOf":{"@id":"https:\/\/tinyandco.fr\/#website"},"primaryImageOfPage":{"@id":"https:\/\/tinyandco.fr\/index.php\/tarifs\/#primaryimage"},"image":{"@id":"https:\/\/tinyandco.fr\/index.php\/tarifs\/#primaryimage"},"thumbnailUrl":"https:\/\/tinyandco.fr\/wp-content\/uploads\/2024\/04\/P1330298-copie-1-edited-scaled.jpg","datePublished":"2024-09-10T09:24:51+00:00","breadcrumb":{"@id":"https:\/\/tinyandco.fr\/index.php\/tarifs\/#breadcrumb"},"inLanguage":"fr-FR","potentialAction":[{"@type":"ReadAction","target":["https:\/\/tinyandco.fr\/index.php\/tarifs\/"]}]},{"@type":"ImageObject","inLanguage":"fr-FR","@id":"https:\/\/tinyandco.fr\/index.php\/tarifs\/#primaryimage","url":"https:\/\/tinyandco.fr\/wp-content\/uploads\/2024\/04\/P1330298-copie-1-edited-scaled.jpg","contentUrl":"https:\/\/tinyandco.fr\/wp-content\/uploads\/2024\/04\/P1330298-copie-1-edited-scaled.jpg"},{"@type":"BreadcrumbList","@id":"https:\/\/tinyandco.fr\/index.php\/tarifs\/#breadcrumb","itemListElement":[{"@type":"ListItem","position":1,"name":"Accueil","item":"https:\/\/tinyandco.fr\/"},{"@type":"ListItem","position":2,"name":"Tarifs"}]},{"@type":"WebSite","@id":"https:\/\/tinyandco.fr\/#website","url":"https:\/\/tinyandco.fr\/","name":"tinyandco-local","description":"Tiny-House modulaire ","publisher":{"@id":"https:\/\/tinyandco.fr\/#organization"},"potentialAction":[{"@type":"SearchAction","target":{"@type":"EntryPoint","urlTemplate":"https:\/\/tinyandco.fr\/?s={search_term_string}"},"query-input":{"@type":"PropertyValueSpecification","valueRequired":true,"valueName":"search_term_string"}}],"inLanguage":"fr-FR"},{"@type":"Organization","@id":"https:\/\/tinyandco.fr\/#organization","name":"tinyandco-local","url":"https:\/\/tinyandco.fr\/","logo":{"@type":"ImageObject","inLanguage":"fr-FR","@id":"https:\/\/tinyandco.fr\/#\/schema\/logo\/image\/","url":"https:\/\/tinyandco.fr\/wp-content\/uploads\/2025\/11\/cropped-typo_blanc_1.png","contentUrl":"https:\/\/tinyandco.fr\/wp-content\/uploads\/2025\/11\/cropped-typo_blanc_1.png","width":317,"height":308,"caption":"tinyandco-local"},"image":{"@id":"https:\/\/tinyandco.fr\/#\/schema\/logo\/image\/"}}]}},"featured_media_urls":[],"_links":{"self":[{"href":"https:\/\/tinyandco.fr\/index.php\/wp-json\/wp\/v2\/pages\/850","targetHints":{"allow":["GET"]}}],"collection":[{"href":"https:\/\/tinyandco.fr\/index.php\/wp-json\/wp\/v2\/pages"}],"about":[{"href":"https:\/\/tinyandco.fr\/index.php\/wp-json\/wp\/v2\/types\/page"}],"author":[{"embeddable":true,"href":"https:\/\/tinyandco.fr\/index.php\/wp-json\/wp\/v2\/users\/2"}],"replies":[{"embeddable":true,"href":"https:\/\/tinyandco.fr\/index.php\/wp-json\/wp\/v2\/comments?post=850"}],"version-history":[{"count":0,"href":"https:\/\/tinyandco.fr\/index.php\/wp-json\/wp\/v2\/pages\/850\/revisions"}],"wp:attachment":[{"href":"https:\/\/tinyandco.fr\/index.php\/wp-json\/wp\/v2\/media?parent=850"}],"curies":[{"name":"wp","href":"https:\/\/api.w.org\/{rel}","templated":true}]}}