{"id":566,"date":"2024-04-26T15:59:47","date_gmt":"2024-04-26T13:59:47","guid":{"rendered":"http:\/\/tinyandco.fr\/?page_id=566"},"modified":"2024-04-26T15:59:47","modified_gmt":"2024-04-26T13:59:47","slug":"le-concept","status":"publish","type":"page","link":"https:\/\/tinyandco.fr\/index.php\/le-concept\/","title":{"rendered":"Concept"},"content":{"rendered":"\n<div class=\"wp-block-cover alignfull wp-duotone-101010-ffffff-1\"><span aria-hidden=\"true\" class=\"wp-block-cover__background has-background-dim\"><\/span><img decoding=\"async\" class=\"wp-block-cover__image-background wp-image-603\" alt=\"\" src=\"https:\/\/tinyandco.fr\/wp-content\/uploads\/2024\/04\/P1330298-copie-1-edited-scaled.jpg\" data-object-fit=\"cover\"\/><div class=\"wp-block-cover__inner-container is-layout-flow wp-block-cover-is-layout-flow\">\n<h1 class=\"wp-block-heading has-text-align-center has-large-font-size\">Le Concept<\/h1>\n<\/div><\/div>\n\n\n\n<p><\/p>\n\n\n\n<div style=\"height:59px\" aria-hidden=\"true\" class=\"wp-block-spacer\"><\/div>\n\n\n\n<div class=\"wp-block-columns is-layout-flex wp-container-core-columns-is-layout-28f84493 wp-block-columns-is-layout-flex\">\n<div class=\"wp-block-column is-vertically-aligned-top is-layout-flow wp-block-column-is-layout-flow\">\n<figure class=\"wp-block-image aligncenter size-large is-resized\"><img decoding=\"async\" src=\"https:\/\/tinyandco.fr\/wp-content\/uploads\/2024\/04\/fraiseuse_1-697x1024.png\" alt=\"\" class=\"wp-image-621\" style=\"width:330px;height:auto\"\/><\/figure>\n<\/div>\n\n\n\n<div class=\"wp-block-column is-vertically-aligned-center is-layout-flow wp-block-column-is-layout-flow\">\n<div class=\"wp-block-columns is-layout-flex wp-container-core-columns-is-layout-28f84493 wp-block-columns-is-layout-flex\">\n<div class=\"wp-block-column is-layout-flow wp-block-column-is-layout-flow\">\n<div class=\"wp-block-group is-nowrap is-layout-flex wp-container-core-group-is-layout-6c531013 wp-block-group-is-layout-flex\">\n<h1 class=\"wp-block-heading\">1<\/h1>\n\n\n\n<h2 class=\"wp-block-heading\">Le num\u00e9rique au service de l&rsquo;artisanat<\/h2>\n<\/div>\n\n\n\n<p>De l\u2019outil rudimentaire de nos anc\u00eatres aux outils forg\u00e9s puis m\u00e9canis\u00e9s, le geste de l\u2019artisan a toujours \u00e9volu\u00e9 pour s\u2019adapter, innover et proposer de nouvelles cr\u00e9ations.&nbsp;<\/p>\n\n\n\n<p><mark style=\"background-color:#fffebf\" class=\"has-inline-color has-primary-color\">Les outils de fabrication<\/mark> num\u00e9rique viennent compl\u00e9ter naturellement la gamme des possibilit\u00e9s dont disposent aujourd\u2019hui les cr\u00e9ateurs.<\/p>\n\n\n\n<p><\/p>\n<\/div>\n<\/div>\n<\/div>\n<\/div>\n\n\n\n<div style=\"height:72px\" aria-hidden=\"true\" class=\"wp-block-spacer\"><\/div>\n\n\n\n<div class=\"wp-block-columns is-layout-flex wp-container-core-columns-is-layout-28f84493 wp-block-columns-is-layout-flex\">\n<div class=\"wp-block-column is-vertically-aligned-top is-layout-flow wp-block-column-is-layout-flow\">\n<div class=\"wp-block-group alignfull has-global-padding is-layout-constrained wp-block-group-is-layout-constrained\">\n<div class=\"wp-block-group has-global-padding is-layout-constrained wp-block-group-is-layout-constrained\">\n<div class=\"wp-block-group is-nowrap is-layout-flex wp-container-core-group-is-layout-6c531013 wp-block-group-is-layout-flex\">\n<div class=\"wp-block-columns is-layout-flex wp-container-core-columns-is-layout-28f84493 wp-block-columns-is-layout-flex\">\n<div class=\"wp-block-column is-layout-flow wp-block-column-is-layout-flow\">\n<div class=\"wp-block-group is-nowrap is-layout-flex wp-container-core-group-is-layout-6c531013 wp-block-group-is-layout-flex\">\n<h1 class=\"wp-block-heading\">2<\/h1>\n\n\n\n<h2 class=\"wp-block-heading\">Un assemblage simplifi\u00e9<\/h2>\n<\/div>\n\n\n\n<p><strong>Ces nouvelles possibilit\u00e9s nous permettent de concevoir des Tiny Houses modulaires et \u00e9volutives, rendant leur construction plus pr\u00e9cise et accessible \u00e0 tous.&nbsp;<\/strong><\/p>\n\n\n\n<p>La <mark style=\"background-color:#fffcbd\" class=\"has-inline-color\">mod\u00e9lisation 3D<\/mark> nous permet de r\u00e9aliser une version virtuelle de la Tiny House pour anticiper chaque \u00e9tape et s\u2019assurer de la fiabilit\u00e9 de la conception.&nbsp;Ensuite la Tiny House est usin\u00e9e pour produire un <mark style=\"background-color:#fffcbd\" class=\"has-inline-color\">kit<\/mark> dont chaque pi\u00e8ce est num\u00e9rot\u00e9e pour \u00eatre assembl\u00e9e et former des \u201ccaissons\u201d ou \u201cblocs\u201d. Ces blocs sont ensuite assembl\u00e9s pour former des \u201ctranches\u201d ou des \u201cslices\u201d qui \u00e0 leur tour sont assembl\u00e9es pour former la Tiny House.<\/p>\n\n\n\n<p><\/p>\n<\/div>\n<\/div>\n<\/div>\n<\/div>\n<\/div>\n<\/div>\n\n\n\n<div class=\"wp-block-column is-vertically-aligned-center is-layout-flow wp-block-column-is-layout-flow\">\n<figure class=\"wp-block-image aligncenter size-full is-resized\"><img decoding=\"async\" src=\"https:\/\/tinyandco.fr\/wp-content\/uploads\/2024\/04\/caisson.png\" alt=\"\" class=\"wp-image-614\" style=\"width:353px;height:auto\"\/><\/figure>\n<\/div>\n<\/div>\n\n\n\n<div style=\"height:77px\" aria-hidden=\"true\" class=\"wp-block-spacer\"><\/div>\n\n\n\n<div class=\"wp-block-columns is-layout-flex wp-container-core-columns-is-layout-28f84493 wp-block-columns-is-layout-flex\">\n<div class=\"wp-block-column is-vertically-aligned-top is-layout-flow wp-block-column-is-layout-flow\">\n<figure class=\"wp-block-image aligncenter size-full is-resized\"><img decoding=\"async\" src=\"https:\/\/tinyandco.fr\/wp-content\/uploads\/2024\/04\/tiny.png\" alt=\"\" class=\"wp-image-617\" style=\"width:387px;height:auto\"\/><\/figure>\n<\/div>\n\n\n\n<div class=\"wp-block-column is-vertically-aligned-center is-layout-flow wp-block-column-is-layout-flow\">\n<div class=\"wp-block-group is-nowrap is-layout-flex wp-container-core-group-is-layout-6c531013 wp-block-group-is-layout-flex\">\n<div class=\"wp-block-group alignfull has-global-padding is-layout-constrained wp-block-group-is-layout-constrained\">\n<div class=\"wp-block-group has-global-padding is-layout-constrained wp-block-group-is-layout-constrained\">\n<div class=\"wp-block-group is-nowrap is-layout-flex wp-container-core-group-is-layout-6c531013 wp-block-group-is-layout-flex\">\n<div class=\"wp-block-columns is-layout-flex wp-container-core-columns-is-layout-28f84493 wp-block-columns-is-layout-flex\">\n<div class=\"wp-block-column is-layout-flow wp-block-column-is-layout-flow\">\n<div class=\"wp-block-group is-nowrap is-layout-flex wp-container-core-group-is-layout-6c531013 wp-block-group-is-layout-flex\">\n<h1 class=\"wp-block-heading\">3<\/h1>\n\n\n\n<h2 class=\"wp-block-heading\"><strong>Penser diff\u00e9remment<\/strong> <strong>les modes de production<\/strong><\/h2>\n<\/div>\n\n\n\n<p><strong>Ce concept permet de penser diff\u00e9remment les modes de production car les fichiers d&rsquo;usinage peuvent \u00eatre transf\u00e9r\u00e9s et ainsi produire la Tiny House au plus proche de son lieu de r\u00e9sidence.<\/strong> <strong>#Fabrication Distribu\u00e9e<\/strong><\/p>\n\n\n\n<p><mark style=\"background-color:#fffcbd\" class=\"has-inline-color\">Les ateliers partag\u00e9s<\/mark> qui mutualisent ce type de machine sont de plus en plus nombreux et accessibles \u00e0 tous. Par exemple, gr\u00e2ce au Laboratoire Organique de Lustar, nous avons pu construire deux micro Tiny House sous forme d\u2019un chantier formation avec des jeunes \u00e9loign\u00e9s de l\u2019emploi.&nbsp;Ce concept permet donc de construire en autoconstruction \u00e0 partir du kit, sous forme de chantiers participatifs avec diff\u00e9rents publics ou en atelier par notre \u00e9quipe.&nbsp;<\/p>\n\n\n\n<p><\/p>\n\n\n\n<p><\/p>\n<\/div>\n<\/div>\n<\/div>\n<\/div>\n<\/div>\n<\/div>\n<\/div>\n<\/div>\n\n\n\n<div style=\"height:100px\" aria-hidden=\"true\" class=\"wp-block-spacer\"><\/div>\n\n\n\n<p><\/p>\n","protected":false},"excerpt":{"rendered":"<p>1 Le num\u00e9rique au service de l&rsquo;artisanat De l\u2019outil rudimentaire de nos anc\u00eatres aux outils forg\u00e9s puis m\u00e9canis\u00e9s, le geste de l\u2019artisan a toujours \u00e9volu\u00e9 pour s\u2019adapter, innover et proposer de nouvelles cr\u00e9ations.&nbsp; Les outils de fabrication num\u00e9rique viennent compl\u00e9ter naturellement la gamme des possibilit\u00e9s dont disposent aujourd\u2019hui les cr\u00e9ateurs. 2 Un assemblage simplifi\u00e9 Ces &hellip; <\/p>\n<p class=\"link-more\"><a href=\"https:\/\/tinyandco.fr\/index.php\/le-concept\/\" class=\"more-link\">Lire la suite de<span class=\"screen-reader-text\">\u00ab\u00a0Concept\u00a0\u00bb<\/span><\/a><\/p>\n","protected":false},"author":2,"featured_media":0,"parent":0,"menu_order":0,"comment_status":"closed","ping_status":"closed","template":"","meta":{"_inspiro_hide_title":false,"footnotes":""},"class_list":["post-566","page","type-page","status-publish","hentry"],"aioseo_notices":[],"yoast_head":"<!-- This site is optimized with the Yoast SEO plugin v27.3 - https:\/\/yoast.com\/product\/yoast-seo-wordpress\/ -->\n<title>Concept - tinyandco-local<\/title>\n<meta name=\"robots\" content=\"index, follow, max-snippet:-1, max-image-preview:large, max-video-preview:-1\" \/>\n<link rel=\"canonical\" href=\"https:\/\/tinyandco.fr\/index.php\/le-concept\/\" \/>\n<meta property=\"og:locale\" content=\"fr_FR\" \/>\n<meta property=\"og:type\" content=\"article\" \/>\n<meta property=\"og:title\" content=\"Concept - tinyandco-local\" \/>\n<meta property=\"og:description\" content=\"1 Le num\u00e9rique au service de l&rsquo;artisanat De l\u2019outil rudimentaire de nos anc\u00eatres aux outils forg\u00e9s puis m\u00e9canis\u00e9s, le geste de l\u2019artisan a toujours \u00e9volu\u00e9 pour s\u2019adapter, innover et proposer de nouvelles cr\u00e9ations.&nbsp; Les outils de fabrication num\u00e9rique viennent compl\u00e9ter naturellement la gamme des possibilit\u00e9s dont disposent aujourd\u2019hui les cr\u00e9ateurs. 2 Un assemblage simplifi\u00e9 Ces &hellip; Lire la suite de\u00ab\u00a0Concept\u00a0\u00bb\" \/>\n<meta property=\"og:url\" content=\"https:\/\/tinyandco.fr\/index.php\/le-concept\/\" \/>\n<meta property=\"og:site_name\" content=\"tinyandco-local\" \/>\n<meta property=\"og:image\" content=\"https:\/\/tinyandco.fr\/wp-content\/uploads\/2024\/04\/P1330298-copie-1-edited-scaled.jpg\" \/>\n<meta name=\"twitter:card\" content=\"summary_large_image\" \/>\n<meta name=\"twitter:label1\" content=\"Dur\u00e9e de lecture estim\u00e9e\" \/>\n\t<meta name=\"twitter:data1\" content=\"1 minute\" \/>\n<script type=\"application\/ld+json\" class=\"yoast-schema-graph\">{\"@context\":\"https:\\\/\\\/schema.org\",\"@graph\":[{\"@type\":\"WebPage\",\"@id\":\"https:\\\/\\\/tinyandco.fr\\\/index.php\\\/le-concept\\\/\",\"url\":\"https:\\\/\\\/tinyandco.fr\\\/index.php\\\/le-concept\\\/\",\"name\":\"Concept - tinyandco-local\",\"isPartOf\":{\"@id\":\"https:\\\/\\\/tinyandco.fr\\\/#website\"},\"primaryImageOfPage\":{\"@id\":\"https:\\\/\\\/tinyandco.fr\\\/index.php\\\/le-concept\\\/#primaryimage\"},\"image\":{\"@id\":\"https:\\\/\\\/tinyandco.fr\\\/index.php\\\/le-concept\\\/#primaryimage\"},\"thumbnailUrl\":\"https:\\\/\\\/tinyandco.fr\\\/wp-content\\\/uploads\\\/2024\\\/04\\\/P1330298-copie-1-edited-scaled.jpg\",\"datePublished\":\"2024-04-26T13:59:47+00:00\",\"breadcrumb\":{\"@id\":\"https:\\\/\\\/tinyandco.fr\\\/index.php\\\/le-concept\\\/#breadcrumb\"},\"inLanguage\":\"fr-FR\",\"potentialAction\":[{\"@type\":\"ReadAction\",\"target\":[\"https:\\\/\\\/tinyandco.fr\\\/index.php\\\/le-concept\\\/\"]}]},{\"@type\":\"ImageObject\",\"inLanguage\":\"fr-FR\",\"@id\":\"https:\\\/\\\/tinyandco.fr\\\/index.php\\\/le-concept\\\/#primaryimage\",\"url\":\"https:\\\/\\\/tinyandco.fr\\\/wp-content\\\/uploads\\\/2024\\\/04\\\/P1330298-copie-1-edited-scaled.jpg\",\"contentUrl\":\"https:\\\/\\\/tinyandco.fr\\\/wp-content\\\/uploads\\\/2024\\\/04\\\/P1330298-copie-1-edited-scaled.jpg\"},{\"@type\":\"BreadcrumbList\",\"@id\":\"https:\\\/\\\/tinyandco.fr\\\/index.php\\\/le-concept\\\/#breadcrumb\",\"itemListElement\":[{\"@type\":\"ListItem\",\"position\":1,\"name\":\"Accueil\",\"item\":\"https:\\\/\\\/tinyandco.fr\\\/\"},{\"@type\":\"ListItem\",\"position\":2,\"name\":\"Concept\"}]},{\"@type\":\"WebSite\",\"@id\":\"https:\\\/\\\/tinyandco.fr\\\/#website\",\"url\":\"https:\\\/\\\/tinyandco.fr\\\/\",\"name\":\"tinyandco-local\",\"description\":\"Tiny-House modulaire \",\"publisher\":{\"@id\":\"https:\\\/\\\/tinyandco.fr\\\/#organization\"},\"potentialAction\":[{\"@type\":\"SearchAction\",\"target\":{\"@type\":\"EntryPoint\",\"urlTemplate\":\"https:\\\/\\\/tinyandco.fr\\\/?s={search_term_string}\"},\"query-input\":{\"@type\":\"PropertyValueSpecification\",\"valueRequired\":true,\"valueName\":\"search_term_string\"}}],\"inLanguage\":\"fr-FR\"},{\"@type\":\"Organization\",\"@id\":\"https:\\\/\\\/tinyandco.fr\\\/#organization\",\"name\":\"tinyandco-local\",\"url\":\"https:\\\/\\\/tinyandco.fr\\\/\",\"logo\":{\"@type\":\"ImageObject\",\"inLanguage\":\"fr-FR\",\"@id\":\"https:\\\/\\\/tinyandco.fr\\\/#\\\/schema\\\/logo\\\/image\\\/\",\"url\":\"https:\\\/\\\/tinyandco.fr\\\/wp-content\\\/uploads\\\/2025\\\/11\\\/cropped-typo_blanc_1.png\",\"contentUrl\":\"https:\\\/\\\/tinyandco.fr\\\/wp-content\\\/uploads\\\/2025\\\/11\\\/cropped-typo_blanc_1.png\",\"width\":317,\"height\":308,\"caption\":\"tinyandco-local\"},\"image\":{\"@id\":\"https:\\\/\\\/tinyandco.fr\\\/#\\\/schema\\\/logo\\\/image\\\/\"}}]}<\/script>\n<!-- \/ Yoast SEO plugin. -->","yoast_head_json":{"title":"Concept - tinyandco-local","robots":{"index":"index","follow":"follow","max-snippet":"max-snippet:-1","max-image-preview":"max-image-preview:large","max-video-preview":"max-video-preview:-1"},"canonical":"https:\/\/tinyandco.fr\/index.php\/le-concept\/","og_locale":"fr_FR","og_type":"article","og_title":"Concept - tinyandco-local","og_description":"1 Le num\u00e9rique au service de l&rsquo;artisanat De l\u2019outil rudimentaire de nos anc\u00eatres aux outils forg\u00e9s puis m\u00e9canis\u00e9s, le geste de l\u2019artisan a toujours \u00e9volu\u00e9 pour s\u2019adapter, innover et proposer de nouvelles cr\u00e9ations.&nbsp; Les outils de fabrication num\u00e9rique viennent compl\u00e9ter naturellement la gamme des possibilit\u00e9s dont disposent aujourd\u2019hui les cr\u00e9ateurs. 2 Un assemblage simplifi\u00e9 Ces &hellip; Lire la suite de\u00ab\u00a0Concept\u00a0\u00bb","og_url":"https:\/\/tinyandco.fr\/index.php\/le-concept\/","og_site_name":"tinyandco-local","og_image":[{"url":"https:\/\/tinyandco.fr\/wp-content\/uploads\/2024\/04\/P1330298-copie-1-edited-scaled.jpg","type":"","width":"","height":""}],"twitter_card":"summary_large_image","twitter_misc":{"Dur\u00e9e de lecture estim\u00e9e":"1 minute"},"schema":{"@context":"https:\/\/schema.org","@graph":[{"@type":"WebPage","@id":"https:\/\/tinyandco.fr\/index.php\/le-concept\/","url":"https:\/\/tinyandco.fr\/index.php\/le-concept\/","name":"Concept - tinyandco-local","isPartOf":{"@id":"https:\/\/tinyandco.fr\/#website"},"primaryImageOfPage":{"@id":"https:\/\/tinyandco.fr\/index.php\/le-concept\/#primaryimage"},"image":{"@id":"https:\/\/tinyandco.fr\/index.php\/le-concept\/#primaryimage"},"thumbnailUrl":"https:\/\/tinyandco.fr\/wp-content\/uploads\/2024\/04\/P1330298-copie-1-edited-scaled.jpg","datePublished":"2024-04-26T13:59:47+00:00","breadcrumb":{"@id":"https:\/\/tinyandco.fr\/index.php\/le-concept\/#breadcrumb"},"inLanguage":"fr-FR","potentialAction":[{"@type":"ReadAction","target":["https:\/\/tinyandco.fr\/index.php\/le-concept\/"]}]},{"@type":"ImageObject","inLanguage":"fr-FR","@id":"https:\/\/tinyandco.fr\/index.php\/le-concept\/#primaryimage","url":"https:\/\/tinyandco.fr\/wp-content\/uploads\/2024\/04\/P1330298-copie-1-edited-scaled.jpg","contentUrl":"https:\/\/tinyandco.fr\/wp-content\/uploads\/2024\/04\/P1330298-copie-1-edited-scaled.jpg"},{"@type":"BreadcrumbList","@id":"https:\/\/tinyandco.fr\/index.php\/le-concept\/#breadcrumb","itemListElement":[{"@type":"ListItem","position":1,"name":"Accueil","item":"https:\/\/tinyandco.fr\/"},{"@type":"ListItem","position":2,"name":"Concept"}]},{"@type":"WebSite","@id":"https:\/\/tinyandco.fr\/#website","url":"https:\/\/tinyandco.fr\/","name":"tinyandco-local","description":"Tiny-House modulaire ","publisher":{"@id":"https:\/\/tinyandco.fr\/#organization"},"potentialAction":[{"@type":"SearchAction","target":{"@type":"EntryPoint","urlTemplate":"https:\/\/tinyandco.fr\/?s={search_term_string}"},"query-input":{"@type":"PropertyValueSpecification","valueRequired":true,"valueName":"search_term_string"}}],"inLanguage":"fr-FR"},{"@type":"Organization","@id":"https:\/\/tinyandco.fr\/#organization","name":"tinyandco-local","url":"https:\/\/tinyandco.fr\/","logo":{"@type":"ImageObject","inLanguage":"fr-FR","@id":"https:\/\/tinyandco.fr\/#\/schema\/logo\/image\/","url":"https:\/\/tinyandco.fr\/wp-content\/uploads\/2025\/11\/cropped-typo_blanc_1.png","contentUrl":"https:\/\/tinyandco.fr\/wp-content\/uploads\/2025\/11\/cropped-typo_blanc_1.png","width":317,"height":308,"caption":"tinyandco-local"},"image":{"@id":"https:\/\/tinyandco.fr\/#\/schema\/logo\/image\/"}}]}},"featured_media_urls":[],"_links":{"self":[{"href":"https:\/\/tinyandco.fr\/index.php\/wp-json\/wp\/v2\/pages\/566","targetHints":{"allow":["GET"]}}],"collection":[{"href":"https:\/\/tinyandco.fr\/index.php\/wp-json\/wp\/v2\/pages"}],"about":[{"href":"https:\/\/tinyandco.fr\/index.php\/wp-json\/wp\/v2\/types\/page"}],"author":[{"embeddable":true,"href":"https:\/\/tinyandco.fr\/index.php\/wp-json\/wp\/v2\/users\/2"}],"replies":[{"embeddable":true,"href":"https:\/\/tinyandco.fr\/index.php\/wp-json\/wp\/v2\/comments?post=566"}],"version-history":[{"count":0,"href":"https:\/\/tinyandco.fr\/index.php\/wp-json\/wp\/v2\/pages\/566\/revisions"}],"wp:attachment":[{"href":"https:\/\/tinyandco.fr\/index.php\/wp-json\/wp\/v2\/media?parent=566"}],"curies":[{"name":"wp","href":"https:\/\/api.w.org\/{rel}","templated":true}]}}