{"id":268,"date":"2024-04-24T17:48:08","date_gmt":"2024-04-24T15:48:08","guid":{"rendered":"http:\/\/tinyandco.fr\/?page_id=268"},"modified":"2024-04-24T17:48:08","modified_gmt":"2024-04-24T15:48:08","slug":"tiny-house-de-pierre-et-kerry","status":"publish","type":"page","link":"https:\/\/tinyandco.fr\/index.php\/tiny-house-de-pierre-et-kerry\/","title":{"rendered":"Tiny House de Pierre et Kerry"},"content":{"rendered":"\n<p><\/p>\n\n\n\n<p><\/p>\n\n\n\n<div class=\"wp-block-columns is-layout-flex wp-container-core-columns-is-layout-28f84493 wp-block-columns-is-layout-flex\">\n<div class=\"wp-block-column is-vertically-aligned-top is-layout-flow wp-block-column-is-layout-flow\">\n<div class=\"wp-block-group alignfull has-global-padding is-layout-constrained wp-block-group-is-layout-constrained\">\n<div class=\"wp-block-group has-global-padding is-layout-constrained wp-block-group-is-layout-constrained\">\n<figure data-wp-context=\"{&quot;imageId&quot;:&quot;69fb1f065409c&quot;}\" data-wp-interactive=\"core\/image\" data-wp-key=\"69fb1f065409c\" class=\"wp-block-image size-full wp-lightbox-container\"><img decoding=\"async\" data-wp-class--hide=\"state.isContentHidden\" data-wp-class--show=\"state.isContentVisible\" data-wp-init=\"callbacks.setButtonStyles\" data-wp-on--click=\"actions.showLightbox\" data-wp-on--load=\"callbacks.setButtonStyles\" data-wp-on-window--resize=\"callbacks.setButtonStyles\" src=\"https:\/\/tinyandco.fr\/wp-content\/uploads\/2024\/04\/1-scaled.jpg\" alt=\"\" class=\"wp-image-545\"\/><button\n\t\t\tclass=\"lightbox-trigger\"\n\t\t\ttype=\"button\"\n\t\t\taria-haspopup=\"dialog\"\n\t\t\taria-label=\"Agrandir\"\n\t\t\tdata-wp-init=\"callbacks.initTriggerButton\"\n\t\t\tdata-wp-on--click=\"actions.showLightbox\"\n\t\t\tdata-wp-style--right=\"state.imageButtonRight\"\n\t\t\tdata-wp-style--top=\"state.imageButtonTop\"\n\t\t>\n\t\t\t<svg xmlns=\"http:\/\/www.w3.org\/2000\/svg\" width=\"12\" height=\"12\" fill=\"none\" viewBox=\"0 0 12 12\">\n\t\t\t\t<path fill=\"#fff\" d=\"M2 0a2 2 0 0 0-2 2v2h1.5V2a.5.5 0 0 1 .5-.5h2V0H2Zm2 10.5H2a.5.5 0 0 1-.5-.5V8H0v2a2 2 0 0 0 2 2h2v-1.5ZM8 12v-1.5h2a.5.5 0 0 0 .5-.5V8H12v2a2 2 0 0 1-2 2H8Zm2-12a2 2 0 0 1 2 2v2h-1.5V2a.5.5 0 0 0-.5-.5H8V0h2Z\" \/>\n\t\t\t<\/svg>\n\t\t<\/button><\/figure>\n\n\n\n<div class=\"wp-block-group has-global-padding is-layout-constrained wp-block-group-is-layout-constrained\">\n<div class=\"wp-block-columns is-layout-flex wp-container-core-columns-is-layout-28f84493 wp-block-columns-is-layout-flex\">\n<div class=\"wp-block-column is-layout-flow wp-block-column-is-layout-flow\">\n<div class=\"wp-block-group has-global-padding is-layout-constrained wp-block-group-is-layout-constrained\">\n<figure class=\"wp-block-gallery has-nested-images columns-default is-cropped wp-block-gallery-1 is-layout-flex wp-block-gallery-is-layout-flex\">\n<figure data-wp-context=\"{&quot;imageId&quot;:&quot;69fb1f065453a&quot;}\" data-wp-interactive=\"core\/image\" data-wp-key=\"69fb1f065453a\" class=\"wp-block-image size-full wp-lightbox-container\"><img decoding=\"async\" data-wp-class--hide=\"state.isContentHidden\" data-wp-class--show=\"state.isContentVisible\" data-wp-init=\"callbacks.setButtonStyles\" data-wp-on--click=\"actions.showLightbox\" data-wp-on--load=\"callbacks.setButtonStyles\" data-wp-on-window--resize=\"callbacks.setButtonStyles\" data-id=\"645\" src=\"https:\/\/tinyandco.fr\/wp-content\/uploads\/2024\/04\/IMG_20220828_182101-scaled.jpg\" alt=\"\" class=\"wp-image-645\"\/><button\n\t\t\tclass=\"lightbox-trigger\"\n\t\t\ttype=\"button\"\n\t\t\taria-haspopup=\"dialog\"\n\t\t\taria-label=\"Agrandir\"\n\t\t\tdata-wp-init=\"callbacks.initTriggerButton\"\n\t\t\tdata-wp-on--click=\"actions.showLightbox\"\n\t\t\tdata-wp-style--right=\"state.imageButtonRight\"\n\t\t\tdata-wp-style--top=\"state.imageButtonTop\"\n\t\t>\n\t\t\t<svg xmlns=\"http:\/\/www.w3.org\/2000\/svg\" width=\"12\" height=\"12\" fill=\"none\" viewBox=\"0 0 12 12\">\n\t\t\t\t<path fill=\"#fff\" d=\"M2 0a2 2 0 0 0-2 2v2h1.5V2a.5.5 0 0 1 .5-.5h2V0H2Zm2 10.5H2a.5.5 0 0 1-.5-.5V8H0v2a2 2 0 0 0 2 2h2v-1.5ZM8 12v-1.5h2a.5.5 0 0 0 .5-.5V8H12v2a2 2 0 0 1-2 2H8Zm2-12a2 2 0 0 1 2 2v2h-1.5V2a.5.5 0 0 0-.5-.5H8V0h2Z\" \/>\n\t\t\t<\/svg>\n\t\t<\/button><\/figure>\n\n\n\n<figure data-wp-context=\"{&quot;imageId&quot;:&quot;69fb1f06548cd&quot;}\" data-wp-interactive=\"core\/image\" data-wp-key=\"69fb1f06548cd\" class=\"wp-block-image size-large wp-lightbox-container\"><img decoding=\"async\" data-wp-class--hide=\"state.isContentHidden\" data-wp-class--show=\"state.isContentVisible\" data-wp-init=\"callbacks.setButtonStyles\" data-wp-on--click=\"actions.showLightbox\" data-wp-on--load=\"callbacks.setButtonStyles\" data-wp-on-window--resize=\"callbacks.setButtonStyles\" data-id=\"647\" src=\"https:\/\/tinyandco.fr\/wp-content\/uploads\/2024\/04\/IMG_20230731_180214-768x1024.jpg\" alt=\"\" class=\"wp-image-647\"\/><button\n\t\t\tclass=\"lightbox-trigger\"\n\t\t\ttype=\"button\"\n\t\t\taria-haspopup=\"dialog\"\n\t\t\taria-label=\"Agrandir\"\n\t\t\tdata-wp-init=\"callbacks.initTriggerButton\"\n\t\t\tdata-wp-on--click=\"actions.showLightbox\"\n\t\t\tdata-wp-style--right=\"state.imageButtonRight\"\n\t\t\tdata-wp-style--top=\"state.imageButtonTop\"\n\t\t>\n\t\t\t<svg xmlns=\"http:\/\/www.w3.org\/2000\/svg\" width=\"12\" height=\"12\" fill=\"none\" viewBox=\"0 0 12 12\">\n\t\t\t\t<path fill=\"#fff\" d=\"M2 0a2 2 0 0 0-2 2v2h1.5V2a.5.5 0 0 1 .5-.5h2V0H2Zm2 10.5H2a.5.5 0 0 1-.5-.5V8H0v2a2 2 0 0 0 2 2h2v-1.5ZM8 12v-1.5h2a.5.5 0 0 0 .5-.5V8H12v2a2 2 0 0 1-2 2H8Zm2-12a2 2 0 0 1 2 2v2h-1.5V2a.5.5 0 0 0-.5-.5H8V0h2Z\" \/>\n\t\t\t<\/svg>\n\t\t<\/button><\/figure>\n<\/figure>\n<\/div>\n<\/div>\n<\/div>\n<\/div>\n\n\n\n<p><\/p>\n\n\n\n<figure class=\"wp-block-gallery has-nested-images columns-default is-cropped wp-block-gallery-2 is-layout-flex wp-block-gallery-is-layout-flex\">\n<figure data-wp-context=\"{&quot;imageId&quot;:&quot;69fb1f0655765&quot;}\" data-wp-interactive=\"core\/image\" data-wp-key=\"69fb1f0655765\" class=\"wp-block-image size-large wp-lightbox-container\"><img decoding=\"async\" data-wp-class--hide=\"state.isContentHidden\" data-wp-class--show=\"state.isContentVisible\" data-wp-init=\"callbacks.setButtonStyles\" data-wp-on--click=\"actions.showLightbox\" data-wp-on--load=\"callbacks.setButtonStyles\" data-wp-on-window--resize=\"callbacks.setButtonStyles\" data-id=\"649\" src=\"https:\/\/tinyandco.fr\/wp-content\/uploads\/2024\/04\/tinyKP-edited-766x1024.jpg\" alt=\"\" class=\"wp-image-649\"\/><button\n\t\t\tclass=\"lightbox-trigger\"\n\t\t\ttype=\"button\"\n\t\t\taria-haspopup=\"dialog\"\n\t\t\taria-label=\"Agrandir\"\n\t\t\tdata-wp-init=\"callbacks.initTriggerButton\"\n\t\t\tdata-wp-on--click=\"actions.showLightbox\"\n\t\t\tdata-wp-style--right=\"state.imageButtonRight\"\n\t\t\tdata-wp-style--top=\"state.imageButtonTop\"\n\t\t>\n\t\t\t<svg xmlns=\"http:\/\/www.w3.org\/2000\/svg\" width=\"12\" height=\"12\" fill=\"none\" viewBox=\"0 0 12 12\">\n\t\t\t\t<path fill=\"#fff\" d=\"M2 0a2 2 0 0 0-2 2v2h1.5V2a.5.5 0 0 1 .5-.5h2V0H2Zm2 10.5H2a.5.5 0 0 1-.5-.5V8H0v2a2 2 0 0 0 2 2h2v-1.5ZM8 12v-1.5h2a.5.5 0 0 0 .5-.5V8H12v2a2 2 0 0 1-2 2H8Zm2-12a2 2 0 0 1 2 2v2h-1.5V2a.5.5 0 0 0-.5-.5H8V0h2Z\" \/>\n\t\t\t<\/svg>\n\t\t<\/button><\/figure>\n<\/figure>\n\n\n\n<p><\/p>\n\n\n\n<figure class=\"wp-block-gallery has-nested-images columns-default is-cropped wp-block-gallery-3 is-layout-flex wp-block-gallery-is-layout-flex\">\n<figure data-wp-context=\"{&quot;imageId&quot;:&quot;69fb1f0655cc2&quot;}\" data-wp-interactive=\"core\/image\" data-wp-key=\"69fb1f0655cc2\" class=\"wp-block-image size-large wp-lightbox-container\"><img decoding=\"async\" data-wp-class--hide=\"state.isContentHidden\" data-wp-class--show=\"state.isContentVisible\" data-wp-init=\"callbacks.setButtonStyles\" data-wp-on--click=\"actions.showLightbox\" data-wp-on--load=\"callbacks.setButtonStyles\" data-wp-on-window--resize=\"callbacks.setButtonStyles\" data-id=\"544\" src=\"https:\/\/tinyandco.fr\/wp-content\/uploads\/2024\/04\/DSC4639-1024x681.jpg\" alt=\"\" class=\"wp-image-544\"\/><button\n\t\t\tclass=\"lightbox-trigger\"\n\t\t\ttype=\"button\"\n\t\t\taria-haspopup=\"dialog\"\n\t\t\taria-label=\"Agrandir\"\n\t\t\tdata-wp-init=\"callbacks.initTriggerButton\"\n\t\t\tdata-wp-on--click=\"actions.showLightbox\"\n\t\t\tdata-wp-style--right=\"state.imageButtonRight\"\n\t\t\tdata-wp-style--top=\"state.imageButtonTop\"\n\t\t>\n\t\t\t<svg xmlns=\"http:\/\/www.w3.org\/2000\/svg\" width=\"12\" height=\"12\" fill=\"none\" viewBox=\"0 0 12 12\">\n\t\t\t\t<path fill=\"#fff\" d=\"M2 0a2 2 0 0 0-2 2v2h1.5V2a.5.5 0 0 1 .5-.5h2V0H2Zm2 10.5H2a.5.5 0 0 1-.5-.5V8H0v2a2 2 0 0 0 2 2h2v-1.5ZM8 12v-1.5h2a.5.5 0 0 0 .5-.5V8H12v2a2 2 0 0 1-2 2H8Zm2-12a2 2 0 0 1 2 2v2h-1.5V2a.5.5 0 0 0-.5-.5H8V0h2Z\" \/>\n\t\t\t<\/svg>\n\t\t<\/button><\/figure>\n<\/figure>\n\n\n\n<p><\/p>\n<\/div>\n\n\n\n<p><\/p>\n<\/div>\n<\/div>\n\n\n\n<div class=\"wp-block-column is-layout-flow wp-block-column-is-layout-flow\">\n<div class=\"wp-block-columns is-layout-flex wp-container-core-columns-is-layout-28f84493 wp-block-columns-is-layout-flex\">\n<div class=\"wp-block-column is-layout-flow wp-block-column-is-layout-flow\">\n<h2 class=\"wp-block-heading\">Tiny House de Pierre et Kerry<\/h2>\n\n\n\n<p>R\u00e9alis\u00e9e en Auto-construction avec l&rsquo;aide de Tiny&amp;Co, cette Tiny House b\u00e9n\u00e9ficie d&rsquo;une grande surface vitr\u00e9e gr\u00e2ces \u00e0 sa structure et aux menuiseries en acier.  <\/p>\n\n\n\n<p>Install\u00e9e \u00e0 la campagne comme habitat de loisir puis comme r\u00e9sidence principale, Pierre et Kerry am\u00e8nent leur Tiny House dans toutes leurs aventures. <\/p>\n\n\n\n<p><\/p>\n\n\n\n<p><\/p>\n\n\n\n<p>Caract\u00e9ristiques :<\/p>\n\n\n\n<p>Toit bipentes, fen\u00eatre acier sur mesure, 80% de mat\u00e9riaux de r\u00e9emploi. <\/p>\n\n\n\n<p>Structure : acier et panneaux sandwich de r\u00e9emploi. <\/p>\n\n\n\n<p>Parement int\u00e9rieur : Contreplaqu\u00e9 de peuplier<\/p>\n\n\n\n<p>Bardage ext\u00e9rieur : bois Douglas pose oblique. <\/p>\n\n\n\n<p>Menuiserie acier en double vitrage 4\/16\/4<\/p>\n\n\n\n<p>Longueur, Largeur, hauteur : 6,1m x 2,55m x 4,3m<\/p>\n\n\n\n<p><\/p>\n\n\n\n<p><\/p>\n\n\n\n<p><\/p>\n\n\n\n<p><\/p>\n<\/div>\n<\/div>\n<\/div>\n<\/div>\n","protected":false},"excerpt":{"rendered":"<p>Tiny House de Pierre et Kerry R\u00e9alis\u00e9e en Auto-construction avec l&rsquo;aide de Tiny&amp;Co, cette Tiny House b\u00e9n\u00e9ficie d&rsquo;une grande surface vitr\u00e9e gr\u00e2ces \u00e0 sa structure et aux menuiseries en acier. Install\u00e9e \u00e0 la campagne comme habitat de loisir puis comme r\u00e9sidence principale, Pierre et Kerry am\u00e8nent leur Tiny House dans toutes leurs aventures. Caract\u00e9ristiques : &hellip; <\/p>\n<p class=\"link-more\"><a href=\"https:\/\/tinyandco.fr\/index.php\/tiny-house-de-pierre-et-kerry\/\" class=\"more-link\">Lire la suite de<span class=\"screen-reader-text\">\u00ab\u00a0Tiny House de Pierre et Kerry\u00a0\u00bb<\/span><\/a><\/p>\n","protected":false},"author":2,"featured_media":0,"parent":0,"menu_order":0,"comment_status":"closed","ping_status":"closed","template":"","meta":{"_inspiro_hide_title":false,"footnotes":""},"class_list":["post-268","page","type-page","status-publish","hentry"],"aioseo_notices":[],"yoast_head":"<!-- This site is optimized with the Yoast SEO plugin v27.3 - https:\/\/yoast.com\/product\/yoast-seo-wordpress\/ -->\n<title>Tiny House de Pierre et Kerry - tinyandco-local<\/title>\n<meta name=\"robots\" content=\"index, follow, max-snippet:-1, max-image-preview:large, max-video-preview:-1\" \/>\n<link rel=\"canonical\" href=\"https:\/\/tinyandco.fr\/index.php\/tiny-house-de-pierre-et-kerry\/\" \/>\n<meta property=\"og:locale\" content=\"fr_FR\" \/>\n<meta property=\"og:type\" content=\"article\" \/>\n<meta property=\"og:title\" content=\"Tiny House de Pierre et Kerry - tinyandco-local\" \/>\n<meta property=\"og:description\" content=\"Tiny House de Pierre et Kerry R\u00e9alis\u00e9e en Auto-construction avec l&rsquo;aide de Tiny&amp;Co, cette Tiny House b\u00e9n\u00e9ficie d&rsquo;une grande surface vitr\u00e9e gr\u00e2ces \u00e0 sa structure et aux menuiseries en acier. Install\u00e9e \u00e0 la campagne comme habitat de loisir puis comme r\u00e9sidence principale, Pierre et Kerry am\u00e8nent leur Tiny House dans toutes leurs aventures. Caract\u00e9ristiques : &hellip; Lire la suite de\u00ab\u00a0Tiny House de Pierre et Kerry\u00a0\u00bb\" \/>\n<meta property=\"og:url\" content=\"https:\/\/tinyandco.fr\/index.php\/tiny-house-de-pierre-et-kerry\/\" \/>\n<meta property=\"og:site_name\" content=\"tinyandco-local\" \/>\n<meta property=\"og:image\" content=\"https:\/\/tinyandco.fr\/wp-content\/uploads\/2024\/04\/1-scaled.jpg\" \/>\n<meta name=\"twitter:card\" content=\"summary_large_image\" \/>\n<meta name=\"twitter:label1\" content=\"Dur\u00e9e de lecture estim\u00e9e\" \/>\n\t<meta name=\"twitter:data1\" content=\"1 minute\" \/>\n<script type=\"application\/ld+json\" class=\"yoast-schema-graph\">{\"@context\":\"https:\\\/\\\/schema.org\",\"@graph\":[{\"@type\":\"WebPage\",\"@id\":\"https:\\\/\\\/tinyandco.fr\\\/index.php\\\/tiny-house-de-pierre-et-kerry\\\/\",\"url\":\"https:\\\/\\\/tinyandco.fr\\\/index.php\\\/tiny-house-de-pierre-et-kerry\\\/\",\"name\":\"Tiny House de Pierre et Kerry - tinyandco-local\",\"isPartOf\":{\"@id\":\"https:\\\/\\\/tinyandco.fr\\\/#website\"},\"primaryImageOfPage\":{\"@id\":\"https:\\\/\\\/tinyandco.fr\\\/index.php\\\/tiny-house-de-pierre-et-kerry\\\/#primaryimage\"},\"image\":{\"@id\":\"https:\\\/\\\/tinyandco.fr\\\/index.php\\\/tiny-house-de-pierre-et-kerry\\\/#primaryimage\"},\"thumbnailUrl\":\"https:\\\/\\\/tinyandco.fr\\\/wp-content\\\/uploads\\\/2024\\\/04\\\/1-scaled.jpg\",\"datePublished\":\"2024-04-24T15:48:08+00:00\",\"breadcrumb\":{\"@id\":\"https:\\\/\\\/tinyandco.fr\\\/index.php\\\/tiny-house-de-pierre-et-kerry\\\/#breadcrumb\"},\"inLanguage\":\"fr-FR\",\"potentialAction\":[{\"@type\":\"ReadAction\",\"target\":[\"https:\\\/\\\/tinyandco.fr\\\/index.php\\\/tiny-house-de-pierre-et-kerry\\\/\"]}]},{\"@type\":\"ImageObject\",\"inLanguage\":\"fr-FR\",\"@id\":\"https:\\\/\\\/tinyandco.fr\\\/index.php\\\/tiny-house-de-pierre-et-kerry\\\/#primaryimage\",\"url\":\"https:\\\/\\\/tinyandco.fr\\\/wp-content\\\/uploads\\\/2024\\\/04\\\/1-scaled.jpg\",\"contentUrl\":\"https:\\\/\\\/tinyandco.fr\\\/wp-content\\\/uploads\\\/2024\\\/04\\\/1-scaled.jpg\"},{\"@type\":\"BreadcrumbList\",\"@id\":\"https:\\\/\\\/tinyandco.fr\\\/index.php\\\/tiny-house-de-pierre-et-kerry\\\/#breadcrumb\",\"itemListElement\":[{\"@type\":\"ListItem\",\"position\":1,\"name\":\"Accueil\",\"item\":\"https:\\\/\\\/tinyandco.fr\\\/\"},{\"@type\":\"ListItem\",\"position\":2,\"name\":\"Tiny House de Pierre et Kerry\"}]},{\"@type\":\"WebSite\",\"@id\":\"https:\\\/\\\/tinyandco.fr\\\/#website\",\"url\":\"https:\\\/\\\/tinyandco.fr\\\/\",\"name\":\"tinyandco-local\",\"description\":\"Tiny-House modulaire \",\"publisher\":{\"@id\":\"https:\\\/\\\/tinyandco.fr\\\/#organization\"},\"potentialAction\":[{\"@type\":\"SearchAction\",\"target\":{\"@type\":\"EntryPoint\",\"urlTemplate\":\"https:\\\/\\\/tinyandco.fr\\\/?s={search_term_string}\"},\"query-input\":{\"@type\":\"PropertyValueSpecification\",\"valueRequired\":true,\"valueName\":\"search_term_string\"}}],\"inLanguage\":\"fr-FR\"},{\"@type\":\"Organization\",\"@id\":\"https:\\\/\\\/tinyandco.fr\\\/#organization\",\"name\":\"tinyandco-local\",\"url\":\"https:\\\/\\\/tinyandco.fr\\\/\",\"logo\":{\"@type\":\"ImageObject\",\"inLanguage\":\"fr-FR\",\"@id\":\"https:\\\/\\\/tinyandco.fr\\\/#\\\/schema\\\/logo\\\/image\\\/\",\"url\":\"https:\\\/\\\/tinyandco.fr\\\/wp-content\\\/uploads\\\/2025\\\/11\\\/cropped-typo_blanc_1.png\",\"contentUrl\":\"https:\\\/\\\/tinyandco.fr\\\/wp-content\\\/uploads\\\/2025\\\/11\\\/cropped-typo_blanc_1.png\",\"width\":317,\"height\":308,\"caption\":\"tinyandco-local\"},\"image\":{\"@id\":\"https:\\\/\\\/tinyandco.fr\\\/#\\\/schema\\\/logo\\\/image\\\/\"}}]}<\/script>\n<!-- \/ Yoast SEO plugin. -->","yoast_head_json":{"title":"Tiny House de Pierre et Kerry - tinyandco-local","robots":{"index":"index","follow":"follow","max-snippet":"max-snippet:-1","max-image-preview":"max-image-preview:large","max-video-preview":"max-video-preview:-1"},"canonical":"https:\/\/tinyandco.fr\/index.php\/tiny-house-de-pierre-et-kerry\/","og_locale":"fr_FR","og_type":"article","og_title":"Tiny House de Pierre et Kerry - tinyandco-local","og_description":"Tiny House de Pierre et Kerry R\u00e9alis\u00e9e en Auto-construction avec l&rsquo;aide de Tiny&amp;Co, cette Tiny House b\u00e9n\u00e9ficie d&rsquo;une grande surface vitr\u00e9e gr\u00e2ces \u00e0 sa structure et aux menuiseries en acier. Install\u00e9e \u00e0 la campagne comme habitat de loisir puis comme r\u00e9sidence principale, Pierre et Kerry am\u00e8nent leur Tiny House dans toutes leurs aventures. Caract\u00e9ristiques : &hellip; Lire la suite de\u00ab\u00a0Tiny House de Pierre et Kerry\u00a0\u00bb","og_url":"https:\/\/tinyandco.fr\/index.php\/tiny-house-de-pierre-et-kerry\/","og_site_name":"tinyandco-local","og_image":[{"url":"https:\/\/tinyandco.fr\/wp-content\/uploads\/2024\/04\/1-scaled.jpg","type":"","width":"","height":""}],"twitter_card":"summary_large_image","twitter_misc":{"Dur\u00e9e de lecture estim\u00e9e":"1 minute"},"schema":{"@context":"https:\/\/schema.org","@graph":[{"@type":"WebPage","@id":"https:\/\/tinyandco.fr\/index.php\/tiny-house-de-pierre-et-kerry\/","url":"https:\/\/tinyandco.fr\/index.php\/tiny-house-de-pierre-et-kerry\/","name":"Tiny House de Pierre et Kerry - tinyandco-local","isPartOf":{"@id":"https:\/\/tinyandco.fr\/#website"},"primaryImageOfPage":{"@id":"https:\/\/tinyandco.fr\/index.php\/tiny-house-de-pierre-et-kerry\/#primaryimage"},"image":{"@id":"https:\/\/tinyandco.fr\/index.php\/tiny-house-de-pierre-et-kerry\/#primaryimage"},"thumbnailUrl":"https:\/\/tinyandco.fr\/wp-content\/uploads\/2024\/04\/1-scaled.jpg","datePublished":"2024-04-24T15:48:08+00:00","breadcrumb":{"@id":"https:\/\/tinyandco.fr\/index.php\/tiny-house-de-pierre-et-kerry\/#breadcrumb"},"inLanguage":"fr-FR","potentialAction":[{"@type":"ReadAction","target":["https:\/\/tinyandco.fr\/index.php\/tiny-house-de-pierre-et-kerry\/"]}]},{"@type":"ImageObject","inLanguage":"fr-FR","@id":"https:\/\/tinyandco.fr\/index.php\/tiny-house-de-pierre-et-kerry\/#primaryimage","url":"https:\/\/tinyandco.fr\/wp-content\/uploads\/2024\/04\/1-scaled.jpg","contentUrl":"https:\/\/tinyandco.fr\/wp-content\/uploads\/2024\/04\/1-scaled.jpg"},{"@type":"BreadcrumbList","@id":"https:\/\/tinyandco.fr\/index.php\/tiny-house-de-pierre-et-kerry\/#breadcrumb","itemListElement":[{"@type":"ListItem","position":1,"name":"Accueil","item":"https:\/\/tinyandco.fr\/"},{"@type":"ListItem","position":2,"name":"Tiny House de Pierre et Kerry"}]},{"@type":"WebSite","@id":"https:\/\/tinyandco.fr\/#website","url":"https:\/\/tinyandco.fr\/","name":"tinyandco-local","description":"Tiny-House modulaire ","publisher":{"@id":"https:\/\/tinyandco.fr\/#organization"},"potentialAction":[{"@type":"SearchAction","target":{"@type":"EntryPoint","urlTemplate":"https:\/\/tinyandco.fr\/?s={search_term_string}"},"query-input":{"@type":"PropertyValueSpecification","valueRequired":true,"valueName":"search_term_string"}}],"inLanguage":"fr-FR"},{"@type":"Organization","@id":"https:\/\/tinyandco.fr\/#organization","name":"tinyandco-local","url":"https:\/\/tinyandco.fr\/","logo":{"@type":"ImageObject","inLanguage":"fr-FR","@id":"https:\/\/tinyandco.fr\/#\/schema\/logo\/image\/","url":"https:\/\/tinyandco.fr\/wp-content\/uploads\/2025\/11\/cropped-typo_blanc_1.png","contentUrl":"https:\/\/tinyandco.fr\/wp-content\/uploads\/2025\/11\/cropped-typo_blanc_1.png","width":317,"height":308,"caption":"tinyandco-local"},"image":{"@id":"https:\/\/tinyandco.fr\/#\/schema\/logo\/image\/"}}]}},"featured_media_urls":[],"_links":{"self":[{"href":"https:\/\/tinyandco.fr\/index.php\/wp-json\/wp\/v2\/pages\/268","targetHints":{"allow":["GET"]}}],"collection":[{"href":"https:\/\/tinyandco.fr\/index.php\/wp-json\/wp\/v2\/pages"}],"about":[{"href":"https:\/\/tinyandco.fr\/index.php\/wp-json\/wp\/v2\/types\/page"}],"author":[{"embeddable":true,"href":"https:\/\/tinyandco.fr\/index.php\/wp-json\/wp\/v2\/users\/2"}],"replies":[{"embeddable":true,"href":"https:\/\/tinyandco.fr\/index.php\/wp-json\/wp\/v2\/comments?post=268"}],"version-history":[{"count":0,"href":"https:\/\/tinyandco.fr\/index.php\/wp-json\/wp\/v2\/pages\/268\/revisions"}],"wp:attachment":[{"href":"https:\/\/tinyandco.fr\/index.php\/wp-json\/wp\/v2\/media?parent=268"}],"curies":[{"name":"wp","href":"https:\/\/api.w.org\/{rel}","templated":true}]}}