{"id":142,"date":"2024-01-16T16:39:11","date_gmt":"2024-01-16T15:39:11","guid":{"rendered":"https:\/\/tinyandco.fr\/?page_id=142"},"modified":"2024-01-16T16:39:11","modified_gmt":"2024-01-16T15:39:11","slug":"votre-tiny-house","status":"publish","type":"page","link":"https:\/\/tinyandco.fr\/index.php\/votre-tiny-house\/","title":{"rendered":"Votre Tiny House"},"content":{"rendered":"\n<div class=\"wp-block-cover alignfull is-light wp-duotone-101010-ffffff-1\"><span aria-hidden=\"true\" class=\"wp-block-cover__background has-background-dim\" style=\"background-color:#888481\"><\/span><img decoding=\"async\" class=\"wp-block-cover__image-background wp-image-500\" alt=\"\" src=\"https:\/\/tinyandco.fr\/wp-content\/uploads\/2024\/04\/20240314-ggayraud-Makersandco_46-2-scaled.jpg\" style=\"object-position:57% 55%\" data-object-fit=\"cover\" data-object-position=\"57% 55%\"\/><div class=\"wp-block-cover__inner-container is-layout-flow wp-block-cover-is-layout-flow\">\n<h1 class=\"wp-block-heading has-text-align-center has-white-color has-text-color has-link-color has-large-font-size wp-elements-c7a4d2752a6198f23110b9812b0b47f6\">Votre Tiny<\/h1>\n<\/div><\/div>\n\n\n\n<p><\/p>\n\n\n\n<div style=\"height:59px\" aria-hidden=\"true\" class=\"wp-block-spacer\"><\/div>\n\n\n\n<div class=\"wp-block-columns are-vertically-aligned-top is-layout-flex wp-container-core-columns-is-layout-28f84493 wp-block-columns-is-layout-flex\">\n<div class=\"wp-block-column is-vertically-aligned-top is-layout-flow wp-block-column-is-layout-flow\">\n<div class=\"wp-block-columns is-layout-flex wp-container-core-columns-is-layout-28f84493 wp-block-columns-is-layout-flex\">\n<div class=\"wp-block-column is-layout-flow wp-block-column-is-layout-flow\" style=\"flex-basis:100%\">\n<div class=\"wp-block-cover is-light\" style=\"min-height:422px;aspect-ratio:unset;\"><span aria-hidden=\"true\" class=\"wp-block-cover__background has-lightgrey-background-color has-background-dim\"><\/span><img decoding=\"async\" class=\"wp-block-cover__image-background wp-image-485\" alt=\"\" src=\"https:\/\/tinyandco.fr\/wp-content\/uploads\/2024\/04\/20240314-ggayraud-Makersandco_179-scaled.jpg\" data-object-fit=\"cover\"\/><div class=\"wp-block-cover__inner-container is-layout-flow wp-block-cover-is-layout-flow\">\n<p class=\"has-text-align-center has-large-font-size\"><\/p>\n<\/div><\/div>\n<\/div>\n<\/div>\n<\/div>\n\n\n\n<div class=\"wp-block-column is-vertically-aligned-top is-layout-flow wp-block-column-is-layout-flow\">\n<div class=\"wp-block-columns is-layout-flex wp-container-core-columns-is-layout-28f84493 wp-block-columns-is-layout-flex\">\n<div class=\"wp-block-column is-layout-flow wp-block-column-is-layout-flow\">\n<div class=\"wp-block-group is-nowrap is-layout-flex wp-container-core-group-is-layout-6c531013 wp-block-group-is-layout-flex\">\n<h1 class=\"wp-block-heading\">1.<\/h1>\n\n\n\n<h2 class=\"wp-block-heading\">Dites nous de quoi vous avez envie<\/h2>\n<\/div>\n\n\n\n<p>Si vous avez l&rsquo;occasion de passer nous voir, sachez que nos portes sont toujours ouvertes pour boire un caf\u00e9. <\/p>\n\n\n\n<p><strong>Si vous avez un projet de Tiny House, la premi\u00e8re \u00e9tape est tout simplement d&rsquo;en parler \ud83d\ude42<\/strong>  C&rsquo;est l&rsquo;occasion de bien <mark style=\"background-color:#fffebf\" class=\"has-inline-color\">comprendre vos besoins et vos envies<\/mark>. On vous pr\u00e9sentera notre concept et s&rsquo;il est compatible avec votre projet nous vous ferons une proposition technique et financi\u00e8re. <\/p>\n<\/div>\n<\/div>\n<\/div>\n<\/div>\n\n\n\n<div style=\"height:72px\" aria-hidden=\"true\" class=\"wp-block-spacer\"><\/div>\n\n\n\n<div class=\"wp-block-columns is-layout-flex wp-container-core-columns-is-layout-28f84493 wp-block-columns-is-layout-flex\">\n<div class=\"wp-block-column is-vertically-aligned-top is-layout-flow wp-block-column-is-layout-flow\">\n<div class=\"wp-block-group alignfull has-global-padding is-layout-constrained wp-block-group-is-layout-constrained\">\n<div class=\"wp-block-group has-global-padding is-layout-constrained wp-block-group-is-layout-constrained\">\n<div class=\"wp-block-group is-nowrap is-layout-flex wp-container-core-group-is-layout-6c531013 wp-block-group-is-layout-flex\">\n<div class=\"wp-block-columns is-layout-flex wp-container-core-columns-is-layout-28f84493 wp-block-columns-is-layout-flex\">\n<div class=\"wp-block-column is-layout-flow wp-block-column-is-layout-flow\">\n<div class=\"wp-block-group is-nowrap is-layout-flex wp-container-core-group-is-layout-6c531013 wp-block-group-is-layout-flex\">\n<h1 class=\"wp-block-heading\">2.<\/h1>\n\n\n\n<h2 class=\"wp-block-heading\">Tiny House num\u00e9rique<\/h2>\n<\/div>\n\n\n\n<p><strong>Une fois le cahier des charges \u00e9tabli, nous passons \u00e0 la conception 3D afin d&rsquo;avoir une repr\u00e9sentation parfaite de la future construction. <\/strong><\/p>\n\n\n\n<p>Cela permet <mark style=\"background-color:#fffebf\" class=\"has-inline-color\">d&rsquo;\u00e9changer sur des plans pr\u00e9cis<\/mark>, de s&rsquo;assurer que nous avons bien compris vos envies et de mieux vous projeter pour faire \u00e9ventuellement quelques ajustements. <\/p>\n\n\n\n<p>Ce sont ces fichiers 3D qui permettrons de r\u00e9aliser toute la structure de la Tiny House \u00e0 l&rsquo;aide de notre fraiseuse num\u00e9rique. <\/p>\n\n\n\n<p>A la fin de cette \u00e9tape <mark style=\"background-color:#fffebf\" class=\"has-inline-color\">nous obtenons un kit pr\u00e8s \u00e0 \u00eatre assembl\u00e9 <\/mark>par nos soins ou en autoconstruction selon la formule que vous avez choisi. <\/p>\n<\/div>\n<\/div>\n<\/div>\n<\/div>\n<\/div>\n<\/div>\n\n\n\n<div class=\"wp-block-column is-vertically-aligned-center is-layout-flow wp-block-column-is-layout-flow\">\n<div class=\"wp-block-cover is-light\" style=\"min-height:422px;aspect-ratio:unset;\"><span aria-hidden=\"true\" class=\"wp-block-cover__background has-lightgrey-background-color has-background-dim\"><\/span><img decoding=\"async\" class=\"wp-block-cover__image-background wp-image-802\" alt=\"\" src=\"https:\/\/tinyandco.fr\/wp-content\/uploads\/2024\/05\/WhatsApp-Image-2024-05-03-at-16.23.23-e1714746420268.jpeg\" data-object-fit=\"cover\"\/><div class=\"wp-block-cover__inner-container is-layout-flow wp-block-cover-is-layout-flow\">\n<p class=\"has-text-align-center has-large-font-size\"><\/p>\n<\/div><\/div>\n<\/div>\n<\/div>\n\n\n\n<div style=\"height:77px\" aria-hidden=\"true\" class=\"wp-block-spacer\"><\/div>\n\n\n\n<div class=\"wp-block-columns is-layout-flex wp-container-core-columns-is-layout-28f84493 wp-block-columns-is-layout-flex\">\n<div class=\"wp-block-column is-vertically-aligned-top is-layout-flow wp-block-column-is-layout-flow\">\n<div class=\"wp-block-cover is-light\" style=\"min-height:422px;aspect-ratio:unset;\"><span aria-hidden=\"true\" class=\"wp-block-cover__background has-lightgrey-background-color has-background-dim\"><\/span><img decoding=\"async\" class=\"wp-block-cover__image-background wp-image-804\" alt=\"\" src=\"https:\/\/tinyandco.fr\/wp-content\/uploads\/2024\/05\/IMG_4497-scaled.jpeg\" style=\"object-position:73% 44%\" data-object-fit=\"cover\" data-object-position=\"73% 44%\"\/><div class=\"wp-block-cover__inner-container is-layout-flow wp-block-cover-is-layout-flow\">\n<p class=\"has-text-align-center has-large-font-size\"><\/p>\n<\/div><\/div>\n<\/div>\n\n\n\n<div class=\"wp-block-column is-vertically-aligned-center is-layout-flow wp-block-column-is-layout-flow\">\n<div class=\"wp-block-group is-nowrap is-layout-flex wp-container-core-group-is-layout-6c531013 wp-block-group-is-layout-flex\">\n<div class=\"wp-block-group alignfull has-global-padding is-layout-constrained wp-block-group-is-layout-constrained\">\n<div class=\"wp-block-group has-global-padding is-layout-constrained wp-block-group-is-layout-constrained\">\n<div class=\"wp-block-group is-nowrap is-layout-flex wp-container-core-group-is-layout-6c531013 wp-block-group-is-layout-flex\">\n<div class=\"wp-block-columns is-layout-flex wp-container-core-columns-is-layout-28f84493 wp-block-columns-is-layout-flex\">\n<div class=\"wp-block-column is-layout-flow wp-block-column-is-layout-flow\">\n<div class=\"wp-block-group is-nowrap is-layout-flex wp-container-core-group-is-layout-6c531013 wp-block-group-is-layout-flex\">\n<h1 class=\"wp-block-heading\">3. <\/h1>\n\n\n\n<h2 class=\"wp-block-heading\">La Tiny House prend forme <\/h2>\n<\/div>\n\n\n\n<p><strong>En partant du kit nous proc\u00e9dons \u00e0 toutes les \u00e9tapes de montage de la Tiny House : construction des blocs, assemblage, isolation, passage des fluides, pose des menuiseries, bardage, finitions etc.<\/strong><\/p>\n\n\n\n<p>C&rsquo;est l&rsquo;\u00e9tape la plus impressionnante. Gr\u00e2ce un notre principe constructif, toute la Tiny House est construite sur \u00e9tabli et prend forme en quelques heures !  <\/p>\n\n\n\n<p>C&rsquo;est ensuite au tour de l&rsquo;am\u00e9nagement int\u00e9rieur de <mark style=\"background-color:#fffebf\" class=\"has-inline-color\">donner vie \u00e0 votre chez vous<\/mark> et quelques finitions plus tard votre Tiny House est pr\u00eate \u00e0 \u00eatre livr\u00e9e \ud83d\ude09 <\/p>\n\n\n\n<p><mark style=\"background-color:#fffcbd\" class=\"has-inline-color\"><\/mark><\/p>\n\n\n\n<p><\/p>\n<\/div>\n<\/div>\n<\/div>\n<\/div>\n<\/div>\n<\/div>\n<\/div>\n<\/div>\n\n\n\n<div style=\"height:100px\" aria-hidden=\"true\" class=\"wp-block-spacer\"><\/div>\n\n\n\n<p><\/p>\n","protected":false},"excerpt":{"rendered":"<p>1. Dites nous de quoi vous avez envie Si vous avez l&rsquo;occasion de passer nous voir, sachez que nos portes sont toujours ouvertes pour boire un caf\u00e9. Si vous avez un projet de Tiny House, la premi\u00e8re \u00e9tape est tout simplement d&rsquo;en parler \ud83d\ude42 C&rsquo;est l&rsquo;occasion de bien comprendre vos besoins et vos envies. On &hellip; <\/p>\n<p class=\"link-more\"><a href=\"https:\/\/tinyandco.fr\/index.php\/votre-tiny-house\/\" class=\"more-link\">Lire la suite de<span class=\"screen-reader-text\">\u00ab\u00a0Votre Tiny House\u00a0\u00bb<\/span><\/a><\/p>\n","protected":false},"author":2,"featured_media":0,"parent":0,"menu_order":0,"comment_status":"closed","ping_status":"closed","template":"","meta":{"_inspiro_hide_title":false,"footnotes":""},"class_list":["post-142","page","type-page","status-publish","hentry"],"aioseo_notices":[],"yoast_head":"<!-- This site is optimized with the Yoast SEO plugin v27.3 - https:\/\/yoast.com\/product\/yoast-seo-wordpress\/ -->\n<title>Votre Tiny House - tinyandco-local<\/title>\n<meta name=\"robots\" content=\"index, follow, max-snippet:-1, max-image-preview:large, max-video-preview:-1\" \/>\n<link rel=\"canonical\" href=\"https:\/\/tinyandco.fr\/index.php\/votre-tiny-house\/\" \/>\n<meta property=\"og:locale\" content=\"fr_FR\" \/>\n<meta property=\"og:type\" content=\"article\" \/>\n<meta property=\"og:title\" content=\"Votre Tiny House - tinyandco-local\" \/>\n<meta property=\"og:description\" content=\"1. Dites nous de quoi vous avez envie Si vous avez l&rsquo;occasion de passer nous voir, sachez que nos portes sont toujours ouvertes pour boire un caf\u00e9. Si vous avez un projet de Tiny House, la premi\u00e8re \u00e9tape est tout simplement d&rsquo;en parler \ud83d\ude42 C&rsquo;est l&rsquo;occasion de bien comprendre vos besoins et vos envies. On &hellip; Lire la suite de\u00ab\u00a0Votre Tiny House\u00a0\u00bb\" \/>\n<meta property=\"og:url\" content=\"https:\/\/tinyandco.fr\/index.php\/votre-tiny-house\/\" \/>\n<meta property=\"og:site_name\" content=\"tinyandco-local\" \/>\n<meta property=\"og:image\" content=\"https:\/\/tinyandco.fr\/wp-content\/uploads\/2024\/04\/20240314-ggayraud-Makersandco_46-2-scaled.jpg\" \/>\n<meta name=\"twitter:card\" content=\"summary_large_image\" \/>\n<meta name=\"twitter:label1\" content=\"Dur\u00e9e de lecture estim\u00e9e\" \/>\n\t<meta name=\"twitter:data1\" content=\"3 minutes\" \/>\n<script type=\"application\/ld+json\" class=\"yoast-schema-graph\">{\"@context\":\"https:\\\/\\\/schema.org\",\"@graph\":[{\"@type\":\"WebPage\",\"@id\":\"https:\\\/\\\/tinyandco.fr\\\/index.php\\\/votre-tiny-house\\\/\",\"url\":\"https:\\\/\\\/tinyandco.fr\\\/index.php\\\/votre-tiny-house\\\/\",\"name\":\"Votre Tiny House - tinyandco-local\",\"isPartOf\":{\"@id\":\"https:\\\/\\\/tinyandco.fr\\\/#website\"},\"primaryImageOfPage\":{\"@id\":\"https:\\\/\\\/tinyandco.fr\\\/index.php\\\/votre-tiny-house\\\/#primaryimage\"},\"image\":{\"@id\":\"https:\\\/\\\/tinyandco.fr\\\/index.php\\\/votre-tiny-house\\\/#primaryimage\"},\"thumbnailUrl\":\"https:\\\/\\\/tinyandco.fr\\\/wp-content\\\/uploads\\\/2024\\\/04\\\/20240314-ggayraud-Makersandco_46-2-scaled.jpg\",\"datePublished\":\"2024-01-16T15:39:11+00:00\",\"breadcrumb\":{\"@id\":\"https:\\\/\\\/tinyandco.fr\\\/index.php\\\/votre-tiny-house\\\/#breadcrumb\"},\"inLanguage\":\"fr-FR\",\"potentialAction\":[{\"@type\":\"ReadAction\",\"target\":[\"https:\\\/\\\/tinyandco.fr\\\/index.php\\\/votre-tiny-house\\\/\"]}]},{\"@type\":\"ImageObject\",\"inLanguage\":\"fr-FR\",\"@id\":\"https:\\\/\\\/tinyandco.fr\\\/index.php\\\/votre-tiny-house\\\/#primaryimage\",\"url\":\"https:\\\/\\\/tinyandco.fr\\\/wp-content\\\/uploads\\\/2024\\\/04\\\/20240314-ggayraud-Makersandco_46-2-scaled.jpg\",\"contentUrl\":\"https:\\\/\\\/tinyandco.fr\\\/wp-content\\\/uploads\\\/2024\\\/04\\\/20240314-ggayraud-Makersandco_46-2-scaled.jpg\"},{\"@type\":\"BreadcrumbList\",\"@id\":\"https:\\\/\\\/tinyandco.fr\\\/index.php\\\/votre-tiny-house\\\/#breadcrumb\",\"itemListElement\":[{\"@type\":\"ListItem\",\"position\":1,\"name\":\"Accueil\",\"item\":\"https:\\\/\\\/tinyandco.fr\\\/\"},{\"@type\":\"ListItem\",\"position\":2,\"name\":\"Votre Tiny House\"}]},{\"@type\":\"WebSite\",\"@id\":\"https:\\\/\\\/tinyandco.fr\\\/#website\",\"url\":\"https:\\\/\\\/tinyandco.fr\\\/\",\"name\":\"tinyandco-local\",\"description\":\"Tiny-House modulaire \",\"publisher\":{\"@id\":\"https:\\\/\\\/tinyandco.fr\\\/#organization\"},\"potentialAction\":[{\"@type\":\"SearchAction\",\"target\":{\"@type\":\"EntryPoint\",\"urlTemplate\":\"https:\\\/\\\/tinyandco.fr\\\/?s={search_term_string}\"},\"query-input\":{\"@type\":\"PropertyValueSpecification\",\"valueRequired\":true,\"valueName\":\"search_term_string\"}}],\"inLanguage\":\"fr-FR\"},{\"@type\":\"Organization\",\"@id\":\"https:\\\/\\\/tinyandco.fr\\\/#organization\",\"name\":\"tinyandco-local\",\"url\":\"https:\\\/\\\/tinyandco.fr\\\/\",\"logo\":{\"@type\":\"ImageObject\",\"inLanguage\":\"fr-FR\",\"@id\":\"https:\\\/\\\/tinyandco.fr\\\/#\\\/schema\\\/logo\\\/image\\\/\",\"url\":\"https:\\\/\\\/tinyandco.fr\\\/wp-content\\\/uploads\\\/2025\\\/11\\\/cropped-typo_blanc_1.png\",\"contentUrl\":\"https:\\\/\\\/tinyandco.fr\\\/wp-content\\\/uploads\\\/2025\\\/11\\\/cropped-typo_blanc_1.png\",\"width\":317,\"height\":308,\"caption\":\"tinyandco-local\"},\"image\":{\"@id\":\"https:\\\/\\\/tinyandco.fr\\\/#\\\/schema\\\/logo\\\/image\\\/\"}}]}<\/script>\n<!-- \/ Yoast SEO plugin. -->","yoast_head_json":{"title":"Votre Tiny House - tinyandco-local","robots":{"index":"index","follow":"follow","max-snippet":"max-snippet:-1","max-image-preview":"max-image-preview:large","max-video-preview":"max-video-preview:-1"},"canonical":"https:\/\/tinyandco.fr\/index.php\/votre-tiny-house\/","og_locale":"fr_FR","og_type":"article","og_title":"Votre Tiny House - tinyandco-local","og_description":"1. Dites nous de quoi vous avez envie Si vous avez l&rsquo;occasion de passer nous voir, sachez que nos portes sont toujours ouvertes pour boire un caf\u00e9. Si vous avez un projet de Tiny House, la premi\u00e8re \u00e9tape est tout simplement d&rsquo;en parler \ud83d\ude42 C&rsquo;est l&rsquo;occasion de bien comprendre vos besoins et vos envies. On &hellip; Lire la suite de\u00ab\u00a0Votre Tiny House\u00a0\u00bb","og_url":"https:\/\/tinyandco.fr\/index.php\/votre-tiny-house\/","og_site_name":"tinyandco-local","og_image":[{"url":"https:\/\/tinyandco.fr\/wp-content\/uploads\/2024\/04\/20240314-ggayraud-Makersandco_46-2-scaled.jpg","type":"","width":"","height":""}],"twitter_card":"summary_large_image","twitter_misc":{"Dur\u00e9e de lecture estim\u00e9e":"3 minutes"},"schema":{"@context":"https:\/\/schema.org","@graph":[{"@type":"WebPage","@id":"https:\/\/tinyandco.fr\/index.php\/votre-tiny-house\/","url":"https:\/\/tinyandco.fr\/index.php\/votre-tiny-house\/","name":"Votre Tiny House - tinyandco-local","isPartOf":{"@id":"https:\/\/tinyandco.fr\/#website"},"primaryImageOfPage":{"@id":"https:\/\/tinyandco.fr\/index.php\/votre-tiny-house\/#primaryimage"},"image":{"@id":"https:\/\/tinyandco.fr\/index.php\/votre-tiny-house\/#primaryimage"},"thumbnailUrl":"https:\/\/tinyandco.fr\/wp-content\/uploads\/2024\/04\/20240314-ggayraud-Makersandco_46-2-scaled.jpg","datePublished":"2024-01-16T15:39:11+00:00","breadcrumb":{"@id":"https:\/\/tinyandco.fr\/index.php\/votre-tiny-house\/#breadcrumb"},"inLanguage":"fr-FR","potentialAction":[{"@type":"ReadAction","target":["https:\/\/tinyandco.fr\/index.php\/votre-tiny-house\/"]}]},{"@type":"ImageObject","inLanguage":"fr-FR","@id":"https:\/\/tinyandco.fr\/index.php\/votre-tiny-house\/#primaryimage","url":"https:\/\/tinyandco.fr\/wp-content\/uploads\/2024\/04\/20240314-ggayraud-Makersandco_46-2-scaled.jpg","contentUrl":"https:\/\/tinyandco.fr\/wp-content\/uploads\/2024\/04\/20240314-ggayraud-Makersandco_46-2-scaled.jpg"},{"@type":"BreadcrumbList","@id":"https:\/\/tinyandco.fr\/index.php\/votre-tiny-house\/#breadcrumb","itemListElement":[{"@type":"ListItem","position":1,"name":"Accueil","item":"https:\/\/tinyandco.fr\/"},{"@type":"ListItem","position":2,"name":"Votre Tiny House"}]},{"@type":"WebSite","@id":"https:\/\/tinyandco.fr\/#website","url":"https:\/\/tinyandco.fr\/","name":"tinyandco-local","description":"Tiny-House modulaire ","publisher":{"@id":"https:\/\/tinyandco.fr\/#organization"},"potentialAction":[{"@type":"SearchAction","target":{"@type":"EntryPoint","urlTemplate":"https:\/\/tinyandco.fr\/?s={search_term_string}"},"query-input":{"@type":"PropertyValueSpecification","valueRequired":true,"valueName":"search_term_string"}}],"inLanguage":"fr-FR"},{"@type":"Organization","@id":"https:\/\/tinyandco.fr\/#organization","name":"tinyandco-local","url":"https:\/\/tinyandco.fr\/","logo":{"@type":"ImageObject","inLanguage":"fr-FR","@id":"https:\/\/tinyandco.fr\/#\/schema\/logo\/image\/","url":"https:\/\/tinyandco.fr\/wp-content\/uploads\/2025\/11\/cropped-typo_blanc_1.png","contentUrl":"https:\/\/tinyandco.fr\/wp-content\/uploads\/2025\/11\/cropped-typo_blanc_1.png","width":317,"height":308,"caption":"tinyandco-local"},"image":{"@id":"https:\/\/tinyandco.fr\/#\/schema\/logo\/image\/"}}]}},"featured_media_urls":[],"_links":{"self":[{"href":"https:\/\/tinyandco.fr\/index.php\/wp-json\/wp\/v2\/pages\/142","targetHints":{"allow":["GET"]}}],"collection":[{"href":"https:\/\/tinyandco.fr\/index.php\/wp-json\/wp\/v2\/pages"}],"about":[{"href":"https:\/\/tinyandco.fr\/index.php\/wp-json\/wp\/v2\/types\/page"}],"author":[{"embeddable":true,"href":"https:\/\/tinyandco.fr\/index.php\/wp-json\/wp\/v2\/users\/2"}],"replies":[{"embeddable":true,"href":"https:\/\/tinyandco.fr\/index.php\/wp-json\/wp\/v2\/comments?post=142"}],"version-history":[{"count":0,"href":"https:\/\/tinyandco.fr\/index.php\/wp-json\/wp\/v2\/pages\/142\/revisions"}],"wp:attachment":[{"href":"https:\/\/tinyandco.fr\/index.php\/wp-json\/wp\/v2\/media?parent=142"}],"curies":[{"name":"wp","href":"https:\/\/api.w.org\/{rel}","templated":true}]}}