{"id":139,"date":"2024-01-16T16:37:31","date_gmt":"2024-01-16T15:37:31","guid":{"rendered":"https:\/\/tinyandco.fr\/?page_id=139"},"modified":"2024-01-16T16:37:31","modified_gmt":"2024-01-16T15:37:31","slug":"les-tiny-villages","status":"publish","type":"page","link":"https:\/\/tinyandco.fr\/index.php\/les-tiny-villages\/","title":{"rendered":"Les Tiny Villages"},"content":{"rendered":"\n<div class=\"wp-block-cover alignfull is-light wp-duotone-101010-ffffff-1\"><span aria-hidden=\"true\" class=\"wp-block-cover__background has-background-dim\" style=\"background-color:#888481\"><\/span><img decoding=\"async\" class=\"wp-block-cover__image-background wp-image-686\" alt=\"\" src=\"https:\/\/tinyandco.fr\/wp-content\/uploads\/2024\/04\/343724697_994332698407101_344556812174355843_n.jpg\" data-object-fit=\"cover\"\/><div class=\"wp-block-cover__inner-container is-layout-flow wp-block-cover-is-layout-flow\">\n<h1 class=\"wp-block-heading has-text-align-center has-white-color has-text-color has-link-color has-large-font-size wp-elements-5609cae2dff584009dd0638ca485bb67\">Tiny Village<\/h1>\n<\/div><\/div>\n\n\n\n<p><\/p>\n\n\n\n<div style=\"height:59px\" aria-hidden=\"true\" class=\"wp-block-spacer\"><\/div>\n\n\n\n<div class=\"wp-block-columns are-vertically-aligned-top is-layout-flex wp-container-core-columns-is-layout-28f84493 wp-block-columns-is-layout-flex\">\n<div class=\"wp-block-column is-vertically-aligned-top is-layout-flow wp-block-column-is-layout-flow\">\n<div class=\"wp-block-columns is-layout-flex wp-container-core-columns-is-layout-28f84493 wp-block-columns-is-layout-flex\">\n<div class=\"wp-block-column is-layout-flow wp-block-column-is-layout-flow\" style=\"flex-basis:100%\">\n<div class=\"wp-block-cover is-light\" style=\"min-height:422px;aspect-ratio:unset;\"><span aria-hidden=\"true\" class=\"wp-block-cover__background has-lightgrey-background-color has-background-dim\"><\/span><img decoding=\"async\" class=\"wp-block-cover__image-background wp-image-695\" alt=\"\" src=\"https:\/\/tinyandco.fr\/wp-content\/uploads\/2024\/04\/286204761_796994595020048_1111347987894969434_n.jpg\" data-object-fit=\"cover\"\/><div class=\"wp-block-cover__inner-container is-layout-flow wp-block-cover-is-layout-flow\">\n<p class=\"has-text-align-center has-large-font-size\"><\/p>\n<\/div><\/div>\n<\/div>\n<\/div>\n<\/div>\n\n\n\n<div class=\"wp-block-column is-vertically-aligned-top is-layout-flow wp-block-column-is-layout-flow\">\n<div class=\"wp-block-columns is-layout-flex wp-container-core-columns-is-layout-28f84493 wp-block-columns-is-layout-flex\">\n<div class=\"wp-block-column is-layout-flow wp-block-column-is-layout-flow\">\n<div class=\"wp-block-group is-nowrap is-layout-flex wp-container-core-group-is-layout-6c531013 wp-block-group-is-layout-flex\">\n<h1 class=\"wp-block-heading\">1.<\/h1>\n\n\n\n<h2 class=\"wp-block-heading\">Une conception centr\u00e9e sur l&rsquo;usager<\/h2>\n<\/div>\n\n\n\n<p><strong>Les villages de Tiny Houses peuvent \u00eatre une solution <mark style=\"background-color:#fffebf\" class=\"has-inline-color\">pratique et \u00e9cologique<\/mark> pour r\u00e9aliser des logements collectifs pour des saisonniers, du tourisme, des logements d&rsquo;urgence ou autre. <\/strong>D\u00e9pla\u00e7able en fonction des saisons ou selon l&rsquo;activit\u00e9, les Tiny Houses diminuent le risque et l&rsquo;artificialisation des sols.<\/p>\n\n\n\n<p>C&rsquo;est aussi et surtout une solution \u00e9volutive si les besoin et les envies sont anticip\u00e9s avec et pour les usagers finaux. Un <mark style=\"background-color:#fffebf\" class=\"has-inline-color\">accompagnement \u00e0 la r\u00e9daction du cahier des charges<\/mark> permet de bien anticiper la conception des Tiny Houses, le mode de production de celles-ci mais aussi le mod\u00e8le \u00e9conomique et d&rsquo;usage apr\u00e8s la production.<\/p>\n<\/div>\n<\/div>\n<\/div>\n<\/div>\n\n\n\n<div style=\"height:72px\" aria-hidden=\"true\" class=\"wp-block-spacer\"><\/div>\n\n\n\n<div class=\"wp-block-columns is-layout-flex wp-container-core-columns-is-layout-28f84493 wp-block-columns-is-layout-flex\">\n<div class=\"wp-block-column is-vertically-aligned-top is-layout-flow wp-block-column-is-layout-flow\">\n<div class=\"wp-block-group alignfull has-global-padding is-layout-constrained wp-block-group-is-layout-constrained\">\n<div class=\"wp-block-group has-global-padding is-layout-constrained wp-block-group-is-layout-constrained\">\n<div class=\"wp-block-group is-nowrap is-layout-flex wp-container-core-group-is-layout-6c531013 wp-block-group-is-layout-flex\">\n<div class=\"wp-block-columns is-layout-flex wp-container-core-columns-is-layout-28f84493 wp-block-columns-is-layout-flex\">\n<div class=\"wp-block-column is-layout-flow wp-block-column-is-layout-flow\">\n<div class=\"wp-block-group is-nowrap is-layout-flex wp-container-core-group-is-layout-6c531013 wp-block-group-is-layout-flex\">\n<h1 class=\"wp-block-heading\">2.<\/h1>\n\n\n\n<h2 class=\"wp-block-heading\">R\u00e9alisation des Kits <\/h2>\n<\/div>\n\n\n\n<p><strong>Notre concept de syst\u00e8me modulaire pour l&rsquo;autoconstruction permet d&rsquo;envisager <mark style=\"background-color:#fffebf\" class=\"has-inline-color\">diff\u00e9rents modes de production <\/mark>des Tiny Houses. <\/strong><\/p>\n\n\n\n<p>Il est alors possible de faire participer les usagers \u00e0 la construction des Tiny House, sous forme de chantier formation, de chantier d&rsquo;insertion ou encore en \u00ab\u00a0distribuant\u00a0\u00bb la production aupr\u00e8s d&rsquo;un tissu d&rsquo;artisans locaux.<\/p>\n\n\n\n<p>Notre syst\u00e8me permet \u00e0 toutes et tous de fabriquer <mark style=\"background-color:#fffebf\" class=\"has-inline-color\">en toute s\u00e9curit\u00e9 et sans fatigue<\/mark> due \u00e0 de mauvaises positions. Ce principe constructif repose sur l&rsquo;assemblage de caisson mont\u00e9s \u00e0 plat sur un \u00e9tabli, permettant une r\u00e9duction importante du travail en hauteur.<\/p>\n\n\n\n<p><\/p>\n<\/div>\n<\/div>\n<\/div>\n<\/div>\n<\/div>\n<\/div>\n\n\n\n<div class=\"wp-block-column is-vertically-aligned-center is-layout-flow wp-block-column-is-layout-flow\">\n<div class=\"wp-block-cover is-light\" style=\"min-height:422px;aspect-ratio:unset;\"><span aria-hidden=\"true\" class=\"wp-block-cover__background has-lightgrey-background-color has-background-dim\"><\/span><img decoding=\"async\" class=\"wp-block-cover__image-background wp-image-791\" alt=\"\" src=\"https:\/\/tinyandco.fr\/wp-content\/uploads\/2024\/05\/IMG_4371-scaled.jpeg\" data-object-fit=\"cover\"\/><div class=\"wp-block-cover__inner-container is-layout-flow wp-block-cover-is-layout-flow\">\n<p class=\"has-text-align-center has-large-font-size\"><\/p>\n<\/div><\/div>\n<\/div>\n<\/div>\n\n\n\n<div style=\"height:77px\" aria-hidden=\"true\" class=\"wp-block-spacer\"><\/div>\n\n\n\n<div class=\"wp-block-columns is-layout-flex wp-container-core-columns-is-layout-28f84493 wp-block-columns-is-layout-flex\">\n<div class=\"wp-block-column is-vertically-aligned-top is-layout-flow wp-block-column-is-layout-flow\">\n<div class=\"wp-block-cover is-light\" style=\"min-height:422px;aspect-ratio:unset;\"><span aria-hidden=\"true\" class=\"wp-block-cover__background has-lightgrey-background-color has-background-dim\"><\/span><img decoding=\"async\" class=\"wp-block-cover__image-background wp-image-794\" alt=\"\" src=\"https:\/\/tinyandco.fr\/wp-content\/uploads\/2024\/05\/P1330221-scaled.jpg\" data-object-fit=\"cover\"\/><div class=\"wp-block-cover__inner-container is-layout-flow wp-block-cover-is-layout-flow\">\n<p class=\"has-text-align-center has-large-font-size\"><\/p>\n<\/div><\/div>\n<\/div>\n\n\n\n<div class=\"wp-block-column is-vertically-aligned-center is-layout-flow wp-block-column-is-layout-flow\">\n<div class=\"wp-block-group is-nowrap is-layout-flex wp-container-core-group-is-layout-6c531013 wp-block-group-is-layout-flex\">\n<div class=\"wp-block-group alignfull has-global-padding is-layout-constrained wp-block-group-is-layout-constrained\">\n<div class=\"wp-block-group has-global-padding is-layout-constrained wp-block-group-is-layout-constrained\">\n<div class=\"wp-block-group is-nowrap is-layout-flex wp-container-core-group-is-layout-6c531013 wp-block-group-is-layout-flex\">\n<div class=\"wp-block-columns is-layout-flex wp-container-core-columns-is-layout-28f84493 wp-block-columns-is-layout-flex\">\n<div class=\"wp-block-column is-layout-flow wp-block-column-is-layout-flow\">\n<div class=\"wp-block-group is-nowrap is-layout-flex wp-container-core-group-is-layout-6c531013 wp-block-group-is-layout-flex\">\n<h1 class=\"wp-block-heading\">3. <\/h1>\n\n\n\n<h2 class=\"wp-block-heading\">Production \u00ab\u00a0distribu\u00e9e\u00a0\u00bb  <\/h2>\n<\/div>\n\n\n\n<p><strong>La fabrication distribu\u00e9e consiste \u00e0 produire le plus <mark style=\"background-color:#fffebf\" class=\"has-inline-color\">localement<\/mark> possible avec les ressources disponibles.<\/strong><\/p>\n\n\n\n<p>Il est alors possible de redistribuer localement la valeur en faisant participer \u00e0 la production toute personne d\u00e9sireuse de se former \u00e0 la construction de Tiny House. Cela devient possible gr\u00e2ce \u00e0 notre syst\u00e8me de kit qui s&rsquo;assemble comme <mark style=\"background-color:#fffebf\" class=\"has-inline-color\">un grand puzzle<\/mark> et si le chantier s&rsquo;organise autour d&rsquo;une petite s\u00e9rie de Tiny Houses.<\/p>\n\n\n\n<p>C&rsquo;est aussi un syst\u00e8me \u00e9volutif qui permet d&rsquo;agrandir ou de r\u00e9duite la longueur d&rsquo;une Tiny House en fonction du besoin.<\/p>\n\n\n\n<p><mark style=\"background-color:#fffcbd\" class=\"has-inline-color\"><\/mark><\/p>\n\n\n\n<p><\/p>\n<\/div>\n<\/div>\n<\/div>\n<\/div>\n<\/div>\n<\/div>\n<\/div>\n<\/div>\n\n\n\n<div style=\"height:100px\" aria-hidden=\"true\" class=\"wp-block-spacer\"><\/div>\n","protected":false},"excerpt":{"rendered":"<p>1. Une conception centr\u00e9e sur l&rsquo;usager Les villages de Tiny Houses peuvent \u00eatre une solution pratique et \u00e9cologique pour r\u00e9aliser des logements collectifs pour des saisonniers, du tourisme, des logements d&rsquo;urgence ou autre. D\u00e9pla\u00e7able en fonction des saisons ou selon l&rsquo;activit\u00e9, les Tiny Houses diminuent le risque et l&rsquo;artificialisation des sols. C&rsquo;est aussi et surtout &hellip; <\/p>\n<p class=\"link-more\"><a href=\"https:\/\/tinyandco.fr\/index.php\/les-tiny-villages\/\" class=\"more-link\">Lire la suite de<span class=\"screen-reader-text\">\u00ab\u00a0Les Tiny Villages\u00a0\u00bb<\/span><\/a><\/p>\n","protected":false},"author":2,"featured_media":0,"parent":0,"menu_order":0,"comment_status":"closed","ping_status":"closed","template":"","meta":{"_inspiro_hide_title":false,"footnotes":""},"class_list":["post-139","page","type-page","status-publish","hentry"],"aioseo_notices":[],"yoast_head":"<!-- This site is optimized with the Yoast SEO plugin v27.3 - https:\/\/yoast.com\/product\/yoast-seo-wordpress\/ -->\n<title>Les Tiny Villages - tinyandco-local<\/title>\n<meta name=\"robots\" content=\"index, follow, max-snippet:-1, max-image-preview:large, max-video-preview:-1\" \/>\n<link rel=\"canonical\" href=\"https:\/\/tinyandco.fr\/index.php\/les-tiny-villages\/\" \/>\n<meta property=\"og:locale\" content=\"fr_FR\" \/>\n<meta property=\"og:type\" content=\"article\" \/>\n<meta property=\"og:title\" content=\"Les Tiny Villages - tinyandco-local\" \/>\n<meta property=\"og:description\" content=\"1. Une conception centr\u00e9e sur l&rsquo;usager Les villages de Tiny Houses peuvent \u00eatre une solution pratique et \u00e9cologique pour r\u00e9aliser des logements collectifs pour des saisonniers, du tourisme, des logements d&rsquo;urgence ou autre. D\u00e9pla\u00e7able en fonction des saisons ou selon l&rsquo;activit\u00e9, les Tiny Houses diminuent le risque et l&rsquo;artificialisation des sols. C&rsquo;est aussi et surtout &hellip; Lire la suite de\u00ab\u00a0Les Tiny Villages\u00a0\u00bb\" \/>\n<meta property=\"og:url\" content=\"https:\/\/tinyandco.fr\/index.php\/les-tiny-villages\/\" \/>\n<meta property=\"og:site_name\" content=\"tinyandco-local\" \/>\n<meta property=\"og:image\" content=\"https:\/\/tinyandco.fr\/wp-content\/uploads\/2024\/04\/343724697_994332698407101_344556812174355843_n.jpg\" \/>\n<meta name=\"twitter:card\" content=\"summary_large_image\" \/>\n<meta name=\"twitter:label1\" content=\"Dur\u00e9e de lecture estim\u00e9e\" \/>\n\t<meta name=\"twitter:data1\" content=\"2 minutes\" \/>\n<script type=\"application\/ld+json\" class=\"yoast-schema-graph\">{\"@context\":\"https:\\\/\\\/schema.org\",\"@graph\":[{\"@type\":\"WebPage\",\"@id\":\"https:\\\/\\\/tinyandco.fr\\\/index.php\\\/les-tiny-villages\\\/\",\"url\":\"https:\\\/\\\/tinyandco.fr\\\/index.php\\\/les-tiny-villages\\\/\",\"name\":\"Les Tiny Villages - tinyandco-local\",\"isPartOf\":{\"@id\":\"https:\\\/\\\/tinyandco.fr\\\/#website\"},\"primaryImageOfPage\":{\"@id\":\"https:\\\/\\\/tinyandco.fr\\\/index.php\\\/les-tiny-villages\\\/#primaryimage\"},\"image\":{\"@id\":\"https:\\\/\\\/tinyandco.fr\\\/index.php\\\/les-tiny-villages\\\/#primaryimage\"},\"thumbnailUrl\":\"https:\\\/\\\/tinyandco.fr\\\/wp-content\\\/uploads\\\/2024\\\/04\\\/343724697_994332698407101_344556812174355843_n.jpg\",\"datePublished\":\"2024-01-16T15:37:31+00:00\",\"breadcrumb\":{\"@id\":\"https:\\\/\\\/tinyandco.fr\\\/index.php\\\/les-tiny-villages\\\/#breadcrumb\"},\"inLanguage\":\"fr-FR\",\"potentialAction\":[{\"@type\":\"ReadAction\",\"target\":[\"https:\\\/\\\/tinyandco.fr\\\/index.php\\\/les-tiny-villages\\\/\"]}]},{\"@type\":\"ImageObject\",\"inLanguage\":\"fr-FR\",\"@id\":\"https:\\\/\\\/tinyandco.fr\\\/index.php\\\/les-tiny-villages\\\/#primaryimage\",\"url\":\"https:\\\/\\\/tinyandco.fr\\\/wp-content\\\/uploads\\\/2024\\\/04\\\/343724697_994332698407101_344556812174355843_n.jpg\",\"contentUrl\":\"https:\\\/\\\/tinyandco.fr\\\/wp-content\\\/uploads\\\/2024\\\/04\\\/343724697_994332698407101_344556812174355843_n.jpg\"},{\"@type\":\"BreadcrumbList\",\"@id\":\"https:\\\/\\\/tinyandco.fr\\\/index.php\\\/les-tiny-villages\\\/#breadcrumb\",\"itemListElement\":[{\"@type\":\"ListItem\",\"position\":1,\"name\":\"Accueil\",\"item\":\"https:\\\/\\\/tinyandco.fr\\\/\"},{\"@type\":\"ListItem\",\"position\":2,\"name\":\"Les Tiny Villages\"}]},{\"@type\":\"WebSite\",\"@id\":\"https:\\\/\\\/tinyandco.fr\\\/#website\",\"url\":\"https:\\\/\\\/tinyandco.fr\\\/\",\"name\":\"tinyandco-local\",\"description\":\"Tiny-House modulaire \",\"publisher\":{\"@id\":\"https:\\\/\\\/tinyandco.fr\\\/#organization\"},\"potentialAction\":[{\"@type\":\"SearchAction\",\"target\":{\"@type\":\"EntryPoint\",\"urlTemplate\":\"https:\\\/\\\/tinyandco.fr\\\/?s={search_term_string}\"},\"query-input\":{\"@type\":\"PropertyValueSpecification\",\"valueRequired\":true,\"valueName\":\"search_term_string\"}}],\"inLanguage\":\"fr-FR\"},{\"@type\":\"Organization\",\"@id\":\"https:\\\/\\\/tinyandco.fr\\\/#organization\",\"name\":\"tinyandco-local\",\"url\":\"https:\\\/\\\/tinyandco.fr\\\/\",\"logo\":{\"@type\":\"ImageObject\",\"inLanguage\":\"fr-FR\",\"@id\":\"https:\\\/\\\/tinyandco.fr\\\/#\\\/schema\\\/logo\\\/image\\\/\",\"url\":\"https:\\\/\\\/tinyandco.fr\\\/wp-content\\\/uploads\\\/2025\\\/11\\\/cropped-typo_blanc_1.png\",\"contentUrl\":\"https:\\\/\\\/tinyandco.fr\\\/wp-content\\\/uploads\\\/2025\\\/11\\\/cropped-typo_blanc_1.png\",\"width\":317,\"height\":308,\"caption\":\"tinyandco-local\"},\"image\":{\"@id\":\"https:\\\/\\\/tinyandco.fr\\\/#\\\/schema\\\/logo\\\/image\\\/\"}}]}<\/script>\n<!-- \/ Yoast SEO plugin. -->","yoast_head_json":{"title":"Les Tiny Villages - tinyandco-local","robots":{"index":"index","follow":"follow","max-snippet":"max-snippet:-1","max-image-preview":"max-image-preview:large","max-video-preview":"max-video-preview:-1"},"canonical":"https:\/\/tinyandco.fr\/index.php\/les-tiny-villages\/","og_locale":"fr_FR","og_type":"article","og_title":"Les Tiny Villages - tinyandco-local","og_description":"1. Une conception centr\u00e9e sur l&rsquo;usager Les villages de Tiny Houses peuvent \u00eatre une solution pratique et \u00e9cologique pour r\u00e9aliser des logements collectifs pour des saisonniers, du tourisme, des logements d&rsquo;urgence ou autre. D\u00e9pla\u00e7able en fonction des saisons ou selon l&rsquo;activit\u00e9, les Tiny Houses diminuent le risque et l&rsquo;artificialisation des sols. C&rsquo;est aussi et surtout &hellip; Lire la suite de\u00ab\u00a0Les Tiny Villages\u00a0\u00bb","og_url":"https:\/\/tinyandco.fr\/index.php\/les-tiny-villages\/","og_site_name":"tinyandco-local","og_image":[{"url":"https:\/\/tinyandco.fr\/wp-content\/uploads\/2024\/04\/343724697_994332698407101_344556812174355843_n.jpg","type":"","width":"","height":""}],"twitter_card":"summary_large_image","twitter_misc":{"Dur\u00e9e de lecture estim\u00e9e":"2 minutes"},"schema":{"@context":"https:\/\/schema.org","@graph":[{"@type":"WebPage","@id":"https:\/\/tinyandco.fr\/index.php\/les-tiny-villages\/","url":"https:\/\/tinyandco.fr\/index.php\/les-tiny-villages\/","name":"Les Tiny Villages - tinyandco-local","isPartOf":{"@id":"https:\/\/tinyandco.fr\/#website"},"primaryImageOfPage":{"@id":"https:\/\/tinyandco.fr\/index.php\/les-tiny-villages\/#primaryimage"},"image":{"@id":"https:\/\/tinyandco.fr\/index.php\/les-tiny-villages\/#primaryimage"},"thumbnailUrl":"https:\/\/tinyandco.fr\/wp-content\/uploads\/2024\/04\/343724697_994332698407101_344556812174355843_n.jpg","datePublished":"2024-01-16T15:37:31+00:00","breadcrumb":{"@id":"https:\/\/tinyandco.fr\/index.php\/les-tiny-villages\/#breadcrumb"},"inLanguage":"fr-FR","potentialAction":[{"@type":"ReadAction","target":["https:\/\/tinyandco.fr\/index.php\/les-tiny-villages\/"]}]},{"@type":"ImageObject","inLanguage":"fr-FR","@id":"https:\/\/tinyandco.fr\/index.php\/les-tiny-villages\/#primaryimage","url":"https:\/\/tinyandco.fr\/wp-content\/uploads\/2024\/04\/343724697_994332698407101_344556812174355843_n.jpg","contentUrl":"https:\/\/tinyandco.fr\/wp-content\/uploads\/2024\/04\/343724697_994332698407101_344556812174355843_n.jpg"},{"@type":"BreadcrumbList","@id":"https:\/\/tinyandco.fr\/index.php\/les-tiny-villages\/#breadcrumb","itemListElement":[{"@type":"ListItem","position":1,"name":"Accueil","item":"https:\/\/tinyandco.fr\/"},{"@type":"ListItem","position":2,"name":"Les Tiny Villages"}]},{"@type":"WebSite","@id":"https:\/\/tinyandco.fr\/#website","url":"https:\/\/tinyandco.fr\/","name":"tinyandco-local","description":"Tiny-House modulaire ","publisher":{"@id":"https:\/\/tinyandco.fr\/#organization"},"potentialAction":[{"@type":"SearchAction","target":{"@type":"EntryPoint","urlTemplate":"https:\/\/tinyandco.fr\/?s={search_term_string}"},"query-input":{"@type":"PropertyValueSpecification","valueRequired":true,"valueName":"search_term_string"}}],"inLanguage":"fr-FR"},{"@type":"Organization","@id":"https:\/\/tinyandco.fr\/#organization","name":"tinyandco-local","url":"https:\/\/tinyandco.fr\/","logo":{"@type":"ImageObject","inLanguage":"fr-FR","@id":"https:\/\/tinyandco.fr\/#\/schema\/logo\/image\/","url":"https:\/\/tinyandco.fr\/wp-content\/uploads\/2025\/11\/cropped-typo_blanc_1.png","contentUrl":"https:\/\/tinyandco.fr\/wp-content\/uploads\/2025\/11\/cropped-typo_blanc_1.png","width":317,"height":308,"caption":"tinyandco-local"},"image":{"@id":"https:\/\/tinyandco.fr\/#\/schema\/logo\/image\/"}}]}},"featured_media_urls":[],"_links":{"self":[{"href":"https:\/\/tinyandco.fr\/index.php\/wp-json\/wp\/v2\/pages\/139","targetHints":{"allow":["GET"]}}],"collection":[{"href":"https:\/\/tinyandco.fr\/index.php\/wp-json\/wp\/v2\/pages"}],"about":[{"href":"https:\/\/tinyandco.fr\/index.php\/wp-json\/wp\/v2\/types\/page"}],"author":[{"embeddable":true,"href":"https:\/\/tinyandco.fr\/index.php\/wp-json\/wp\/v2\/users\/2"}],"replies":[{"embeddable":true,"href":"https:\/\/tinyandco.fr\/index.php\/wp-json\/wp\/v2\/comments?post=139"}],"version-history":[{"count":0,"href":"https:\/\/tinyandco.fr\/index.php\/wp-json\/wp\/v2\/pages\/139\/revisions"}],"wp:attachment":[{"href":"https:\/\/tinyandco.fr\/index.php\/wp-json\/wp\/v2\/media?parent=139"}],"curies":[{"name":"wp","href":"https:\/\/api.w.org\/{rel}","templated":true}]}}